{"id":936,"date":"2023-11-03T00:38:23","date_gmt":"2023-11-02T23:38:23","guid":{"rendered":"https:\/\/backelite-store.com\/?post_type=product&#038;p=936"},"modified":"2024-06-16T07:51:41","modified_gmt":"2024-06-16T06:51:41","slug":"ultratone-eq","status":"publish","type":"product","link":"https:\/\/backelite-store.com\/en\/shop\/ultratone-eq\/","title":{"rendered":"Ultratone E.Q."},"content":{"rendered":"<p class=\" translation-block\">Ultratone E.Q. is the result of my collaboration with Piero Quintana, the man behind the excellent Quintana Dead Blues eXperience<a href=\"https:\/\/www.pieroquintana.com\/\" target=\"_self\">(https:\/\/www.pieroquintana.com\/<\/a>).<\/p>\n<p>Part of our goal was to boost its characteristic fuzz without altering its personality.<\/p>\n<p>The validated solution: an active equalizer to sculpt the frequency response of the incoming signal.<\/p>\n<p>In addition to being able to give more punch to the bass and\/or treble, Ultratone E.Q. allows for targeted emphasis of a frequency band, with the effect at the edges of the band being controllable for a smoother or more abrupt rendition.<\/p>\n<p>In more technical terms, we have a high pass filter, a low pass filter and a configurable band pass filter. These filters are active, they do not rely on frequency attenuation (passive) but on their amplification.<\/p>\n<p>Internally the amplifier operates at 18 volts, which provides a large headroom to avoid distortion.<\/p>\n<p>This pedal is ideal for boosting breaks and solos while remaining transparent. It is also a perfect effect to add to a vintage fuzz that is full of gain but lacks volume (I personally use it happily after a Univox Superfuzz).<\/p>","protected":false},"excerpt":{"rendered":"<p>Ultratone E.Q. est issu de ma collaboration avec Piero Quintana, homme orchestre de l\u2019excellent Quintana Dead Blues eXperience (https:\/\/www.pieroquintana.com\/). Une partie de notre objectif consistait \u00e0 booster son fuzz caract\u00e9ristique sans en alt\u00e9rer la personnalit\u00e9. La solution valid\u00e9e : un \u00e9qualiser actif permettant de sculpter la r\u00e9ponse fr\u00e9quentielle du signal entrant. Outre le fait de [&hellip;]<\/p>\n","protected":false},"featured_media":935,"comment_status":"closed","ping_status":"closed","template":"","meta":[],"product_brand":[],"product_cat":[157,15,159],"product_tag":[156,158],"class_list":{"0":"post-936","1":"product","2":"type-product","3":"status-publish","4":"has-post-thumbnail","6":"product_cat-basse","7":"product_cat-equalisation","8":"product_cat-guitare","9":"product_tag-bass","10":"product_tag-guitare","12":"first","13":"instock","14":"shipping-taxable","15":"purchasable","16":"product-type-simple"},"yoast_head":"<!-- This site is optimized with the Yoast SEO plugin v27.4 - https:\/\/yoast.com\/product\/yoast-seo-wordpress\/ -->\n<title>Ultratone E.Q. - backelite-store.com tonebender mkII<\/title>\n<meta name=\"robots\" content=\"index, follow, max-snippet:-1, max-image-preview:large, max-video-preview:-1\" \/>\n<link rel=\"canonical\" href=\"https:\/\/backelite-store.com\/en\/shop\/ultratone-eq\/\" \/>\n<meta property=\"og:locale\" content=\"en_US\" \/>\n<meta property=\"og:type\" content=\"article\" \/>\n<meta property=\"og:title\" content=\"Ultratone E.Q. - backelite-store.com tonebender mkII\" \/>\n<meta property=\"og:description\" content=\"Ultratone E.Q. est issu de ma collaboration avec Piero Quintana, homme orchestre de l\u2019excellent Quintana Dead Blues eXperience (https:\/\/www.pieroquintana.com\/). Une partie de notre objectif consistait \u00e0 booster son fuzz caract\u00e9ristique sans en alt\u00e9rer la personnalit\u00e9. La solution valid\u00e9e : un \u00e9qualiser actif permettant de sculpter la r\u00e9ponse fr\u00e9quentielle du signal entrant. Outre le fait de [&hellip;]\" \/>\n<meta property=\"og:url\" content=\"https:\/\/backelite-store.com\/en\/shop\/ultratone-eq\/\" \/>\n<meta property=\"og:site_name\" content=\"backelite-store.com\" \/>\n<meta property=\"article:publisher\" content=\"https:\/\/www.facebook.com\/profile.php?id=100081791915055\" \/>\n<meta property=\"article:modified_time\" content=\"2024-06-16T06:51:41+00:00\" \/>\n<meta property=\"og:image\" content=\"https:\/\/backelite-store.com\/wp-content\/uploads\/2023\/11\/1698967570866-01-scaled.jpeg\" \/>\n\t<meta property=\"og:image:width\" content=\"1920\" \/>\n\t<meta property=\"og:image:height\" content=\"1462\" \/>\n\t<meta property=\"og:image:type\" content=\"image\/jpeg\" \/>\n<meta name=\"twitter:card\" content=\"summary_large_image\" \/>\n<meta name=\"twitter:label1\" content=\"Est. reading time\" \/>\n\t<meta name=\"twitter:data1\" content=\"2 minutes\" \/>\n<script type=\"application\/ld+json\" class=\"yoast-schema-graph\">{\"@context\":\"https:\\\/\\\/schema.org\",\"@graph\":[{\"@type\":\"WebPage\",\"@id\":\"https:\\\/\\\/backelite-store.com\\\/shop\\\/ultratone-eq\\\/\",\"url\":\"https:\\\/\\\/backelite-store.com\\\/shop\\\/ultratone-eq\\\/\",\"name\":\"Ultratone E.Q. - backelite-store.com tonebender mkII\",\"isPartOf\":{\"@id\":\"https:\\\/\\\/backelite-store.com\\\/#website\"},\"primaryImageOfPage\":{\"@id\":\"https:\\\/\\\/backelite-store.com\\\/shop\\\/ultratone-eq\\\/#primaryimage\"},\"image\":{\"@id\":\"https:\\\/\\\/backelite-store.com\\\/shop\\\/ultratone-eq\\\/#primaryimage\"},\"thumbnailUrl\":\"https:\\\/\\\/backelite-store.com\\\/wp-content\\\/uploads\\\/2023\\\/11\\\/1698967570866-01-scaled.jpeg\",\"datePublished\":\"2023-11-02T23:38:23+00:00\",\"dateModified\":\"2024-06-16T06:51:41+00:00\",\"breadcrumb\":{\"@id\":\"https:\\\/\\\/backelite-store.com\\\/shop\\\/ultratone-eq\\\/#breadcrumb\"},\"inLanguage\":\"en-US\",\"potentialAction\":[{\"@type\":\"ReadAction\",\"target\":[\"https:\\\/\\\/backelite-store.com\\\/shop\\\/ultratone-eq\\\/\"]}]},{\"@type\":\"ImageObject\",\"inLanguage\":\"en-US\",\"@id\":\"https:\\\/\\\/backelite-store.com\\\/shop\\\/ultratone-eq\\\/#primaryimage\",\"url\":\"https:\\\/\\\/backelite-store.com\\\/wp-content\\\/uploads\\\/2023\\\/11\\\/1698967570866-01-scaled.jpeg\",\"contentUrl\":\"https:\\\/\\\/backelite-store.com\\\/wp-content\\\/uploads\\\/2023\\\/11\\\/1698967570866-01-scaled.jpeg\",\"width\":1920,\"height\":1462},{\"@type\":\"BreadcrumbList\",\"@id\":\"https:\\\/\\\/backelite-store.com\\\/shop\\\/ultratone-eq\\\/#breadcrumb\",\"itemListElement\":[{\"@type\":\"ListItem\",\"position\":1,\"name\":\"Accueil\",\"item\":\"https:\\\/\\\/backelite-store.com\\\/\"},{\"@type\":\"ListItem\",\"position\":2,\"name\":\"Boutique\",\"item\":\"https:\\\/\\\/backelite-store.com\\\/shop\\\/\"},{\"@type\":\"ListItem\",\"position\":3,\"name\":\"Ultratone E.Q.\"}]},{\"@type\":\"WebSite\",\"@id\":\"https:\\\/\\\/backelite-store.com\\\/#website\",\"url\":\"https:\\\/\\\/backelite-store.com\\\/\",\"name\":\"backelite-store.com\",\"description\":\"BackElite Boutique Pedals\",\"publisher\":{\"@id\":\"https:\\\/\\\/backelite-store.com\\\/#organization\"},\"potentialAction\":[{\"@type\":\"SearchAction\",\"target\":{\"@type\":\"EntryPoint\",\"urlTemplate\":\"https:\\\/\\\/backelite-store.com\\\/?s={search_term_string}\"},\"query-input\":{\"@type\":\"PropertyValueSpecification\",\"valueRequired\":true,\"valueName\":\"search_term_string\"}}],\"inLanguage\":\"en-US\"},{\"@type\":\"Organization\",\"@id\":\"https:\\\/\\\/backelite-store.com\\\/#organization\",\"name\":\"backelite-store.com\",\"url\":\"https:\\\/\\\/backelite-store.com\\\/\",\"logo\":{\"@type\":\"ImageObject\",\"inLanguage\":\"en-US\",\"@id\":\"https:\\\/\\\/backelite-store.com\\\/#\\\/schema\\\/logo\\\/image\\\/\",\"url\":\"https:\\\/\\\/backelite-store.com\\\/wp-content\\\/uploads\\\/2022\\\/05\\\/cropped-logo-1-e1698968722965.jpeg\",\"contentUrl\":\"https:\\\/\\\/backelite-store.com\\\/wp-content\\\/uploads\\\/2022\\\/05\\\/cropped-logo-1-e1698968722965.jpeg\",\"width\":1920,\"height\":451,\"caption\":\"backelite-store.com\"},\"image\":{\"@id\":\"https:\\\/\\\/backelite-store.com\\\/#\\\/schema\\\/logo\\\/image\\\/\"},\"sameAs\":[\"https:\\\/\\\/www.facebook.com\\\/profile.php?id=100081791915055\",\"https:\\\/\\\/instagram.com\\\/back.elite\"]}]}<\/script>\n<!-- \/ Yoast SEO plugin. -->","yoast_head_json":{"title":"Ultratone E.Q. - backelite-store.com tonebender mkII","robots":{"index":"index","follow":"follow","max-snippet":"max-snippet:-1","max-image-preview":"max-image-preview:large","max-video-preview":"max-video-preview:-1"},"canonical":"https:\/\/backelite-store.com\/en\/shop\/ultratone-eq\/","og_locale":"en_US","og_type":"article","og_title":"Ultratone E.Q. - backelite-store.com tonebender mkII","og_description":"Ultratone E.Q. est issu de ma collaboration avec Piero Quintana, homme orchestre de l\u2019excellent Quintana Dead Blues eXperience (https:\/\/www.pieroquintana.com\/). Une partie de notre objectif consistait \u00e0 booster son fuzz caract\u00e9ristique sans en alt\u00e9rer la personnalit\u00e9. La solution valid\u00e9e : un \u00e9qualiser actif permettant de sculpter la r\u00e9ponse fr\u00e9quentielle du signal entrant. Outre le fait de [&hellip;]","og_url":"https:\/\/backelite-store.com\/en\/shop\/ultratone-eq\/","og_site_name":"backelite-store.com","article_publisher":"https:\/\/www.facebook.com\/profile.php?id=100081791915055","article_modified_time":"2024-06-16T06:51:41+00:00","og_image":[{"width":1920,"height":1462,"url":"https:\/\/backelite-store.com\/wp-content\/uploads\/2023\/11\/1698967570866-01-scaled.jpeg","type":"image\/jpeg"}],"twitter_card":"summary_large_image","twitter_misc":{"Est. reading time":"2 minutes"},"schema":{"@context":"https:\/\/schema.org","@graph":[{"@type":"WebPage","@id":"https:\/\/backelite-store.com\/shop\/ultratone-eq\/","url":"https:\/\/backelite-store.com\/shop\/ultratone-eq\/","name":"Ultratone E.Q. - backelite-store.com tonebender mkII","isPartOf":{"@id":"https:\/\/backelite-store.com\/#website"},"primaryImageOfPage":{"@id":"https:\/\/backelite-store.com\/shop\/ultratone-eq\/#primaryimage"},"image":{"@id":"https:\/\/backelite-store.com\/shop\/ultratone-eq\/#primaryimage"},"thumbnailUrl":"https:\/\/backelite-store.com\/wp-content\/uploads\/2023\/11\/1698967570866-01-scaled.jpeg","datePublished":"2023-11-02T23:38:23+00:00","dateModified":"2024-06-16T06:51:41+00:00","breadcrumb":{"@id":"https:\/\/backelite-store.com\/shop\/ultratone-eq\/#breadcrumb"},"inLanguage":"en-US","potentialAction":[{"@type":"ReadAction","target":["https:\/\/backelite-store.com\/shop\/ultratone-eq\/"]}]},{"@type":"ImageObject","inLanguage":"en-US","@id":"https:\/\/backelite-store.com\/shop\/ultratone-eq\/#primaryimage","url":"https:\/\/backelite-store.com\/wp-content\/uploads\/2023\/11\/1698967570866-01-scaled.jpeg","contentUrl":"https:\/\/backelite-store.com\/wp-content\/uploads\/2023\/11\/1698967570866-01-scaled.jpeg","width":1920,"height":1462},{"@type":"BreadcrumbList","@id":"https:\/\/backelite-store.com\/shop\/ultratone-eq\/#breadcrumb","itemListElement":[{"@type":"ListItem","position":1,"name":"Accueil","item":"https:\/\/backelite-store.com\/"},{"@type":"ListItem","position":2,"name":"Boutique","item":"https:\/\/backelite-store.com\/shop\/"},{"@type":"ListItem","position":3,"name":"Ultratone E.Q."}]},{"@type":"WebSite","@id":"https:\/\/backelite-store.com\/#website","url":"https:\/\/backelite-store.com\/","name":"backelite-store.com","description":"BackElite Boutique Pedals","publisher":{"@id":"https:\/\/backelite-store.com\/#organization"},"potentialAction":[{"@type":"SearchAction","target":{"@type":"EntryPoint","urlTemplate":"https:\/\/backelite-store.com\/?s={search_term_string}"},"query-input":{"@type":"PropertyValueSpecification","valueRequired":true,"valueName":"search_term_string"}}],"inLanguage":"en-US"},{"@type":"Organization","@id":"https:\/\/backelite-store.com\/#organization","name":"backelite-store.com","url":"https:\/\/backelite-store.com\/","logo":{"@type":"ImageObject","inLanguage":"en-US","@id":"https:\/\/backelite-store.com\/#\/schema\/logo\/image\/","url":"https:\/\/backelite-store.com\/wp-content\/uploads\/2022\/05\/cropped-logo-1-e1698968722965.jpeg","contentUrl":"https:\/\/backelite-store.com\/wp-content\/uploads\/2022\/05\/cropped-logo-1-e1698968722965.jpeg","width":1920,"height":451,"caption":"backelite-store.com"},"image":{"@id":"https:\/\/backelite-store.com\/#\/schema\/logo\/image\/"},"sameAs":["https:\/\/www.facebook.com\/profile.php?id=100081791915055","https:\/\/instagram.com\/back.elite"]}]}},"jetpack_sharing_enabled":true,"_links":{"self":[{"href":"https:\/\/backelite-store.com\/en\/wp-json\/wp\/v2\/product\/936","targetHints":{"allow":["GET"]}}],"collection":[{"href":"https:\/\/backelite-store.com\/en\/wp-json\/wp\/v2\/product"}],"about":[{"href":"https:\/\/backelite-store.com\/en\/wp-json\/wp\/v2\/types\/product"}],"replies":[{"embeddable":true,"href":"https:\/\/backelite-store.com\/en\/wp-json\/wp\/v2\/comments?post=936"}],"wp:featuredmedia":[{"embeddable":true,"href":"https:\/\/backelite-store.com\/en\/wp-json\/wp\/v2\/media\/935"}],"wp:attachment":[{"href":"https:\/\/backelite-store.com\/en\/wp-json\/wp\/v2\/media?parent=936"}],"wp:term":[{"taxonomy":"product_brand","embeddable":true,"href":"https:\/\/backelite-store.com\/en\/wp-json\/wp\/v2\/product_brand?post=936"},{"taxonomy":"product_cat","embeddable":true,"href":"https:\/\/backelite-store.com\/en\/wp-json\/wp\/v2\/product_cat?post=936"},{"taxonomy":"product_tag","embeddable":true,"href":"https:\/\/backelite-store.com\/en\/wp-json\/wp\/v2\/product_tag?post=936"}],"curies":[{"name":"wp","href":"https:\/\/api.w.org\/{rel}","templated":true}]}}