{"id":897,"date":"2023-11-02T13:05:40","date_gmt":"2023-11-02T12:05:40","guid":{"rendered":"https:\/\/backelite-store.com\/?post_type=product&#038;p=897"},"modified":"2024-06-16T07:53:20","modified_gmt":"2024-06-16T06:53:20","slug":"the-rite-silicium","status":"publish","type":"product","link":"https:\/\/backelite-store.com\/en\/shop\/the-rite-silicium\/","title":{"rendered":"The Rite (Silicium)"},"content":{"rendered":"<p>The Rite is a fuzz pedal inspired by amp distortion <a href=\"https:\/\/fr.wikipedia.org\/wiki\/Mosrite\" target=\"_blank\" rel=\"noreferrer noopener\">Mosrite<\/a> des 70\u2019s.<\/p>\n<p>Chaotique et versatile, elle se dompte bien avec un ampli crank\u00e9 ! Tout \u00e0 l\u2019oppos\u00e9 d\u2019un overdrive transparent elle est faite pour remuer ciel et terre.<\/p>\n<p>A fuzz without compromise!<\/p>\n<p>Features:<\/p>\n<ul>\n<li>Deux transistors silicium NOS sovi\u00e9tiques \u00e0 faible gain pour une sonorit\u00e9 vintage<\/li>\n<li>Un switch de tonalit\u00e9, un mode moderne plus bassy et gras, et un mode vintage avec plus d\u2019aigus<\/li>\n<li>Controls: Volume, Depth (modifies the fuzz), Tone (bias of transistor Q2, acts on the character of the sound)<\/li>\n<li>Works with standard power supply (9v dc, minus in the center)<\/li>\n<\/ul>","protected":false},"excerpt":{"rendered":"<p>The Rite est une p\u00e9dale de fuzz inspir\u00e9e de la distorsion des amplis Mosrite des 70\u2019s. Chaotique et versatile, elle se dompte bien avec un ampli crank\u00e9 ! Tout \u00e0 l\u2019oppos\u00e9 d\u2019un overdrive transparent elle est faite pour remuer ciel et terre. Une fuzz sans compromis ! Caract\u00e9ristiques : Deux transistors silicium NOS sovi\u00e9tiques \u00e0 [&hellip;]<\/p>\n","protected":false},"featured_media":896,"comment_status":"closed","ping_status":"closed","template":"","meta":[],"product_brand":[],"product_cat":[157,45,159],"product_tag":[156,46,158],"class_list":{"0":"post-897","1":"product","2":"type-product","3":"status-publish","4":"has-post-thumbnail","6":"product_cat-basse","7":"product_cat-fuzz","8":"product_cat-guitare","9":"product_tag-bass","10":"product_tag-fuzz","11":"product_tag-guitare","13":"first","14":"instock","15":"shipping-taxable","16":"purchasable","17":"product-type-simple"},"yoast_head":"<!-- This site is optimized with the Yoast SEO plugin v27.4 - https:\/\/yoast.com\/product\/yoast-seo-wordpress\/ -->\n<title>The Rite (Silicium) - backelite-store.com fuzz typiquement 70s<\/title>\n<meta name=\"robots\" content=\"index, follow, max-snippet:-1, max-image-preview:large, max-video-preview:-1\" \/>\n<link rel=\"canonical\" href=\"https:\/\/backelite-store.com\/en\/shop\/the-rite-silicium\/\" \/>\n<meta property=\"og:locale\" content=\"en_US\" \/>\n<meta property=\"og:type\" content=\"article\" \/>\n<meta property=\"og:title\" content=\"The Rite (Silicium) - backelite-store.com fuzz typiquement 70s\" \/>\n<meta property=\"og:description\" content=\"The Rite est une p\u00e9dale de fuzz inspir\u00e9e de la distorsion des amplis Mosrite des 70\u2019s. Chaotique et versatile, elle se dompte bien avec un ampli crank\u00e9 ! Tout \u00e0 l\u2019oppos\u00e9 d\u2019un overdrive transparent elle est faite pour remuer ciel et terre. Une fuzz sans compromis ! Caract\u00e9ristiques : Deux transistors silicium NOS sovi\u00e9tiques \u00e0 [&hellip;]\" \/>\n<meta property=\"og:url\" content=\"https:\/\/backelite-store.com\/en\/shop\/the-rite-silicium\/\" \/>\n<meta property=\"og:site_name\" content=\"backelite-store.com\" \/>\n<meta property=\"article:publisher\" content=\"https:\/\/www.facebook.com\/profile.php?id=100081791915055\" \/>\n<meta property=\"article:modified_time\" content=\"2024-06-16T06:53:20+00:00\" \/>\n<meta property=\"og:image\" content=\"https:\/\/backelite-store.com\/wp-content\/uploads\/2023\/11\/BackgroundEraser_20231021_113754244-e1698926379278.png\" \/>\n\t<meta property=\"og:image:width\" content=\"1055\" \/>\n\t<meta property=\"og:image:height\" content=\"1474\" \/>\n\t<meta property=\"og:image:type\" content=\"image\/png\" \/>\n<meta name=\"twitter:card\" content=\"summary_large_image\" \/>\n<meta name=\"twitter:label1\" content=\"Est. reading time\" \/>\n\t<meta name=\"twitter:data1\" content=\"1 minute\" \/>\n<script type=\"application\/ld+json\" class=\"yoast-schema-graph\">{\"@context\":\"https:\\\/\\\/schema.org\",\"@graph\":[{\"@type\":\"WebPage\",\"@id\":\"https:\\\/\\\/backelite-store.com\\\/shop\\\/the-rite-silicium\\\/\",\"url\":\"https:\\\/\\\/backelite-store.com\\\/shop\\\/the-rite-silicium\\\/\",\"name\":\"The Rite (Silicium) - backelite-store.com fuzz typiquement 70s\",\"isPartOf\":{\"@id\":\"https:\\\/\\\/backelite-store.com\\\/#website\"},\"primaryImageOfPage\":{\"@id\":\"https:\\\/\\\/backelite-store.com\\\/shop\\\/the-rite-silicium\\\/#primaryimage\"},\"image\":{\"@id\":\"https:\\\/\\\/backelite-store.com\\\/shop\\\/the-rite-silicium\\\/#primaryimage\"},\"thumbnailUrl\":\"https:\\\/\\\/backelite-store.com\\\/wp-content\\\/uploads\\\/2023\\\/11\\\/BackgroundEraser_20231021_113754244-e1698926379278.png\",\"datePublished\":\"2023-11-02T12:05:40+00:00\",\"dateModified\":\"2024-06-16T06:53:20+00:00\",\"breadcrumb\":{\"@id\":\"https:\\\/\\\/backelite-store.com\\\/shop\\\/the-rite-silicium\\\/#breadcrumb\"},\"inLanguage\":\"en-US\",\"potentialAction\":[{\"@type\":\"ReadAction\",\"target\":[\"https:\\\/\\\/backelite-store.com\\\/shop\\\/the-rite-silicium\\\/\"]}]},{\"@type\":\"ImageObject\",\"inLanguage\":\"en-US\",\"@id\":\"https:\\\/\\\/backelite-store.com\\\/shop\\\/the-rite-silicium\\\/#primaryimage\",\"url\":\"https:\\\/\\\/backelite-store.com\\\/wp-content\\\/uploads\\\/2023\\\/11\\\/BackgroundEraser_20231021_113754244-e1698926379278.png\",\"contentUrl\":\"https:\\\/\\\/backelite-store.com\\\/wp-content\\\/uploads\\\/2023\\\/11\\\/BackgroundEraser_20231021_113754244-e1698926379278.png\",\"width\":1055,\"height\":1474},{\"@type\":\"BreadcrumbList\",\"@id\":\"https:\\\/\\\/backelite-store.com\\\/shop\\\/the-rite-silicium\\\/#breadcrumb\",\"itemListElement\":[{\"@type\":\"ListItem\",\"position\":1,\"name\":\"Accueil\",\"item\":\"https:\\\/\\\/backelite-store.com\\\/\"},{\"@type\":\"ListItem\",\"position\":2,\"name\":\"Boutique\",\"item\":\"https:\\\/\\\/backelite-store.com\\\/shop\\\/\"},{\"@type\":\"ListItem\",\"position\":3,\"name\":\"The Rite (Silicium)\"}]},{\"@type\":\"WebSite\",\"@id\":\"https:\\\/\\\/backelite-store.com\\\/#website\",\"url\":\"https:\\\/\\\/backelite-store.com\\\/\",\"name\":\"backelite-store.com\",\"description\":\"BackElite Boutique Pedals\",\"publisher\":{\"@id\":\"https:\\\/\\\/backelite-store.com\\\/#organization\"},\"potentialAction\":[{\"@type\":\"SearchAction\",\"target\":{\"@type\":\"EntryPoint\",\"urlTemplate\":\"https:\\\/\\\/backelite-store.com\\\/?s={search_term_string}\"},\"query-input\":{\"@type\":\"PropertyValueSpecification\",\"valueRequired\":true,\"valueName\":\"search_term_string\"}}],\"inLanguage\":\"en-US\"},{\"@type\":\"Organization\",\"@id\":\"https:\\\/\\\/backelite-store.com\\\/#organization\",\"name\":\"backelite-store.com\",\"url\":\"https:\\\/\\\/backelite-store.com\\\/\",\"logo\":{\"@type\":\"ImageObject\",\"inLanguage\":\"en-US\",\"@id\":\"https:\\\/\\\/backelite-store.com\\\/#\\\/schema\\\/logo\\\/image\\\/\",\"url\":\"https:\\\/\\\/backelite-store.com\\\/wp-content\\\/uploads\\\/2022\\\/05\\\/cropped-logo-1-e1698968722965.jpeg\",\"contentUrl\":\"https:\\\/\\\/backelite-store.com\\\/wp-content\\\/uploads\\\/2022\\\/05\\\/cropped-logo-1-e1698968722965.jpeg\",\"width\":1920,\"height\":451,\"caption\":\"backelite-store.com\"},\"image\":{\"@id\":\"https:\\\/\\\/backelite-store.com\\\/#\\\/schema\\\/logo\\\/image\\\/\"},\"sameAs\":[\"https:\\\/\\\/www.facebook.com\\\/profile.php?id=100081791915055\",\"https:\\\/\\\/instagram.com\\\/back.elite\"]}]}<\/script>\n<!-- \/ Yoast SEO plugin. -->","yoast_head_json":{"title":"The Rite (Silicium) - backelite-store.com fuzz typiquement 70s","robots":{"index":"index","follow":"follow","max-snippet":"max-snippet:-1","max-image-preview":"max-image-preview:large","max-video-preview":"max-video-preview:-1"},"canonical":"https:\/\/backelite-store.com\/en\/shop\/the-rite-silicium\/","og_locale":"en_US","og_type":"article","og_title":"The Rite (Silicium) - backelite-store.com fuzz typiquement 70s","og_description":"The Rite est une p\u00e9dale de fuzz inspir\u00e9e de la distorsion des amplis Mosrite des 70\u2019s. Chaotique et versatile, elle se dompte bien avec un ampli crank\u00e9 ! Tout \u00e0 l\u2019oppos\u00e9 d\u2019un overdrive transparent elle est faite pour remuer ciel et terre. Une fuzz sans compromis ! Caract\u00e9ristiques : Deux transistors silicium NOS sovi\u00e9tiques \u00e0 [&hellip;]","og_url":"https:\/\/backelite-store.com\/en\/shop\/the-rite-silicium\/","og_site_name":"backelite-store.com","article_publisher":"https:\/\/www.facebook.com\/profile.php?id=100081791915055","article_modified_time":"2024-06-16T06:53:20+00:00","og_image":[{"width":1055,"height":1474,"url":"https:\/\/backelite-store.com\/wp-content\/uploads\/2023\/11\/BackgroundEraser_20231021_113754244-e1698926379278.png","type":"image\/png"}],"twitter_card":"summary_large_image","twitter_misc":{"Est. reading time":"1 minute"},"schema":{"@context":"https:\/\/schema.org","@graph":[{"@type":"WebPage","@id":"https:\/\/backelite-store.com\/shop\/the-rite-silicium\/","url":"https:\/\/backelite-store.com\/shop\/the-rite-silicium\/","name":"The Rite (Silicium) - backelite-store.com fuzz typiquement 70s","isPartOf":{"@id":"https:\/\/backelite-store.com\/#website"},"primaryImageOfPage":{"@id":"https:\/\/backelite-store.com\/shop\/the-rite-silicium\/#primaryimage"},"image":{"@id":"https:\/\/backelite-store.com\/shop\/the-rite-silicium\/#primaryimage"},"thumbnailUrl":"https:\/\/backelite-store.com\/wp-content\/uploads\/2023\/11\/BackgroundEraser_20231021_113754244-e1698926379278.png","datePublished":"2023-11-02T12:05:40+00:00","dateModified":"2024-06-16T06:53:20+00:00","breadcrumb":{"@id":"https:\/\/backelite-store.com\/shop\/the-rite-silicium\/#breadcrumb"},"inLanguage":"en-US","potentialAction":[{"@type":"ReadAction","target":["https:\/\/backelite-store.com\/shop\/the-rite-silicium\/"]}]},{"@type":"ImageObject","inLanguage":"en-US","@id":"https:\/\/backelite-store.com\/shop\/the-rite-silicium\/#primaryimage","url":"https:\/\/backelite-store.com\/wp-content\/uploads\/2023\/11\/BackgroundEraser_20231021_113754244-e1698926379278.png","contentUrl":"https:\/\/backelite-store.com\/wp-content\/uploads\/2023\/11\/BackgroundEraser_20231021_113754244-e1698926379278.png","width":1055,"height":1474},{"@type":"BreadcrumbList","@id":"https:\/\/backelite-store.com\/shop\/the-rite-silicium\/#breadcrumb","itemListElement":[{"@type":"ListItem","position":1,"name":"Accueil","item":"https:\/\/backelite-store.com\/"},{"@type":"ListItem","position":2,"name":"Boutique","item":"https:\/\/backelite-store.com\/shop\/"},{"@type":"ListItem","position":3,"name":"The Rite (Silicium)"}]},{"@type":"WebSite","@id":"https:\/\/backelite-store.com\/#website","url":"https:\/\/backelite-store.com\/","name":"backelite-store.com","description":"BackElite Boutique Pedals","publisher":{"@id":"https:\/\/backelite-store.com\/#organization"},"potentialAction":[{"@type":"SearchAction","target":{"@type":"EntryPoint","urlTemplate":"https:\/\/backelite-store.com\/?s={search_term_string}"},"query-input":{"@type":"PropertyValueSpecification","valueRequired":true,"valueName":"search_term_string"}}],"inLanguage":"en-US"},{"@type":"Organization","@id":"https:\/\/backelite-store.com\/#organization","name":"backelite-store.com","url":"https:\/\/backelite-store.com\/","logo":{"@type":"ImageObject","inLanguage":"en-US","@id":"https:\/\/backelite-store.com\/#\/schema\/logo\/image\/","url":"https:\/\/backelite-store.com\/wp-content\/uploads\/2022\/05\/cropped-logo-1-e1698968722965.jpeg","contentUrl":"https:\/\/backelite-store.com\/wp-content\/uploads\/2022\/05\/cropped-logo-1-e1698968722965.jpeg","width":1920,"height":451,"caption":"backelite-store.com"},"image":{"@id":"https:\/\/backelite-store.com\/#\/schema\/logo\/image\/"},"sameAs":["https:\/\/www.facebook.com\/profile.php?id=100081791915055","https:\/\/instagram.com\/back.elite"]}]}},"jetpack_sharing_enabled":true,"_links":{"self":[{"href":"https:\/\/backelite-store.com\/en\/wp-json\/wp\/v2\/product\/897","targetHints":{"allow":["GET"]}}],"collection":[{"href":"https:\/\/backelite-store.com\/en\/wp-json\/wp\/v2\/product"}],"about":[{"href":"https:\/\/backelite-store.com\/en\/wp-json\/wp\/v2\/types\/product"}],"replies":[{"embeddable":true,"href":"https:\/\/backelite-store.com\/en\/wp-json\/wp\/v2\/comments?post=897"}],"wp:featuredmedia":[{"embeddable":true,"href":"https:\/\/backelite-store.com\/en\/wp-json\/wp\/v2\/media\/896"}],"wp:attachment":[{"href":"https:\/\/backelite-store.com\/en\/wp-json\/wp\/v2\/media?parent=897"}],"wp:term":[{"taxonomy":"product_brand","embeddable":true,"href":"https:\/\/backelite-store.com\/en\/wp-json\/wp\/v2\/product_brand?post=897"},{"taxonomy":"product_cat","embeddable":true,"href":"https:\/\/backelite-store.com\/en\/wp-json\/wp\/v2\/product_cat?post=897"},{"taxonomy":"product_tag","embeddable":true,"href":"https:\/\/backelite-store.com\/en\/wp-json\/wp\/v2\/product_tag?post=897"}],"curies":[{"name":"wp","href":"https:\/\/api.w.org\/{rel}","templated":true}]}}