{"id":892,"date":"2023-11-02T12:27:19","date_gmt":"2023-11-02T11:27:19","guid":{"rendered":"https:\/\/backelite-store.com\/?post_type=product&#038;p=892"},"modified":"2024-06-16T07:53:38","modified_gmt":"2024-06-16T06:53:38","slug":"the-rite-fuzzrite-germanium","status":"publish","type":"product","link":"https:\/\/backelite-store.com\/en\/shop\/the-rite-fuzzrite-germanium\/","title":{"rendered":"The Rite (Germanium)"},"content":{"rendered":"<p>The Rite is a fuzz pedal inspired by amp distortion <a href=\"https:\/\/fr.wikipedia.org\/wiki\/Mosrite\" target=\"_blank\" rel=\"noreferrer noopener\">Mosrite<\/a> des 70\u2019s, revue et adapt\u00e9e pour recevoir des transistors au germanium.<\/p>\n<p>Chaotique et versatile, elle se dompte bien avec un ampli crank\u00e9 ! Tout \u00e0 l\u2019oppos\u00e9 d\u2019un overdrive transparent elle est faite pour remuer ciel et terre.<\/p>\n<p>Les transistors sont des germaniums sovi\u00e9tiques des 80\u2019s, plus stables face aux variations thermiques que leurs cousins des 70\u2019s.<\/p>\n<p>A fuzz without compromise!<\/p>\n<p>Features:<\/p>\n<ul>\n<li>Two matched Soviet germanium transistors, the best in their class, sound perfectly and show an increased stability against temperature variation<\/li>\n<li>Un switch de tonalit\u00e9, un mode moderne plus bassy et gras, et un mode vintage avec plus d\u2019aigus<\/li>\n<li>Controls: Volume, Depth (modifies the fuzz), Tone (bias of transistor Q2, acts on the character of the sound)<\/li>\n<li>Works with standard power supply (9v dc, minus in the center)<\/li>\n<\/ul>\n<div id=\"kgvid_kgvid_0_wrapper\" class=\"kgvid_wrapper\">\n\t\t\t<div id=\"video_kgvid_0_div\" class=\"fitvidsignore kgvid_videodiv\" data-id=\"kgvid_0\" data-kgvid_video_vars=\"{&quot;id&quot;:&quot;kgvid_0&quot;,&quot;attachment_id&quot;:&quot;1054&quot;,&quot;player_type&quot;:&quot;Video.js v8&quot;,&quot;width&quot;:&quot;640&quot;,&quot;height&quot;:&quot;360&quot;,&quot;fullwidth&quot;:&quot;true&quot;,&quot;fixed_aspect&quot;:&quot;vertical&quot;,&quot;countable&quot;:true,&quot;count_views&quot;:&quot;start_complete&quot;,&quot;start&quot;:&quot;&quot;,&quot;autoplay&quot;:&quot;true&quot;,&quot;pauseothervideos&quot;:&quot;true&quot;,&quot;set_volume&quot;:&quot;1&quot;,&quot;muted&quot;:&quot;false&quot;,&quot;meta&quot;:true,&quot;endofvideooverlay&quot;:&quot;&quot;,&quot;resize&quot;:&quot;true&quot;,&quot;auto_res&quot;:&quot;automatique&quot;,&quot;pixel_ratio&quot;:&quot;true&quot;,&quot;right_click&quot;:&quot;on&quot;,&quot;playback_rate&quot;:&quot;false&quot;,&quot;title&quot;:&quot;The Rite&quot;,&quot;skip_buttons&quot;:[],&quot;nativecontrolsfortouch&quot;:&quot;false&quot;,&quot;locale&quot;:&quot;en&quot;,&quot;enable_resolutions_plugin&quot;:false}\" itemprop=\"video\" itemscope itemtype=\"https:\/\/schema.org\/VideoObject\"><meta itemprop=\"embedUrl\" content=\"https:\/\/backelite-store.com\/?attachment_id=1054&#038;videopack%5Benable%5D=true\"><meta itemprop=\"contentUrl\" content=\"https:\/\/backelite-store.com\/wp-content\/uploads\/2024\/04\/The%20Rite.mp4\"><meta itemprop=\"name\" content=\"The Rite\"><meta itemprop=\"description\" content=\"Video\"><meta itemprop=\"uploadDate\" content=\"\">\n\t\t\t\t<video id=\"video_kgvid_0\" playsinline autoplay controls preload=\"metadata\" width=\"640\" height=\"360\" class=\"fitvidsignore video-js kg-video-js-skin\">\n\t\t\t\t\t<source src=\"https:\/\/backelite-store.com\/wp-content\/uploads\/2024\/04\/The%20Rite.mp4?id=0\" type=\"video\/mp4\" data-res=\"480p\">\n\t\t\t\t<\/video>\n\t\t\t<\/div>\n\t\t\t<div style=\"display:none\" id=\"video_kgvid_0_meta\" class=\"kgvid_video_meta kgvid_video_meta_hover\">\n\t\t\t\t<span class='kgvid_meta_icons'><\/span>\n\t\t\t\t<span id='video_kgvid_0_title' class='kgvid_title'>The Rite<\/span>\n<\/div>\n\t\t<\/div>","protected":false},"excerpt":{"rendered":"<p>The Rite est une p\u00e9dale de fuzz inspir\u00e9e de la distorsion des amplis Mosrite des 70\u2019s, revue et adapt\u00e9e pour recevoir des transistors au germanium. Chaotique et versatile, elle se dompte bien avec un ampli crank\u00e9 ! Tout \u00e0 l\u2019oppos\u00e9 d\u2019un overdrive transparent elle est faite pour remuer ciel et terre. Les transistors sont des [&hellip;]<\/p>\n","protected":false},"featured_media":896,"comment_status":"closed","ping_status":"closed","template":"","meta":[],"product_brand":[],"product_cat":[157,45,159],"product_tag":[156,46,158],"class_list":{"0":"post-892","1":"product","2":"type-product","3":"status-publish","4":"has-post-thumbnail","6":"product_cat-basse","7":"product_cat-fuzz","8":"product_cat-guitare","9":"product_tag-bass","10":"product_tag-fuzz","11":"product_tag-guitare","13":"first","14":"onbackorder","15":"shipping-taxable","16":"purchasable","17":"product-type-simple"},"yoast_head":"<!-- This site is optimized with the Yoast SEO plugin v27.4 - https:\/\/yoast.com\/product\/yoast-seo-wordpress\/ -->\n<title>The Rite (Germanium) - backelite-store.com fuzz typiquement 70s<\/title>\n<meta name=\"robots\" content=\"index, follow, max-snippet:-1, max-image-preview:large, max-video-preview:-1\" \/>\n<link rel=\"canonical\" href=\"https:\/\/backelite-store.com\/en\/shop\/the-rite-fuzzrite-germanium\/\" \/>\n<meta property=\"og:locale\" content=\"en_US\" \/>\n<meta property=\"og:type\" content=\"article\" \/>\n<meta property=\"og:title\" content=\"The Rite (Germanium) - backelite-store.com fuzz typiquement 70s\" \/>\n<meta property=\"og:description\" content=\"The Rite est une p\u00e9dale de fuzz inspir\u00e9e de la distorsion des amplis Mosrite des 70\u2019s, revue et adapt\u00e9e pour recevoir des transistors au germanium. Chaotique et versatile, elle se dompte bien avec un ampli crank\u00e9 ! Tout \u00e0 l\u2019oppos\u00e9 d\u2019un overdrive transparent elle est faite pour remuer ciel et terre. Les transistors sont des [&hellip;]\" \/>\n<meta property=\"og:url\" content=\"https:\/\/backelite-store.com\/en\/shop\/the-rite-fuzzrite-germanium\/\" \/>\n<meta property=\"og:site_name\" content=\"backelite-store.com\" \/>\n<meta property=\"article:publisher\" content=\"https:\/\/www.facebook.com\/profile.php?id=100081791915055\" \/>\n<meta property=\"article:modified_time\" content=\"2024-06-16T06:53:38+00:00\" \/>\n<meta property=\"og:image\" content=\"https:\/\/backelite-store.com\/wp-content\/uploads\/2023\/11\/BackgroundEraser_20231021_113754244-e1698926379278.png\" \/>\n\t<meta property=\"og:image:width\" content=\"1055\" \/>\n\t<meta property=\"og:image:height\" content=\"1474\" \/>\n\t<meta property=\"og:image:type\" content=\"image\/png\" \/>\n<meta name=\"twitter:card\" content=\"summary_large_image\" \/>\n<meta name=\"twitter:label1\" content=\"Est. reading time\" \/>\n\t<meta name=\"twitter:data1\" content=\"1 minute\" \/>\n<script type=\"application\/ld+json\" class=\"yoast-schema-graph\">{\"@context\":\"https:\\\/\\\/schema.org\",\"@graph\":[{\"@type\":\"WebPage\",\"@id\":\"https:\\\/\\\/backelite-store.com\\\/shop\\\/the-rite-fuzzrite-germanium\\\/\",\"url\":\"https:\\\/\\\/backelite-store.com\\\/shop\\\/the-rite-fuzzrite-germanium\\\/\",\"name\":\"The Rite (Germanium) - backelite-store.com fuzz typiquement 70s\",\"isPartOf\":{\"@id\":\"https:\\\/\\\/backelite-store.com\\\/#website\"},\"primaryImageOfPage\":{\"@id\":\"https:\\\/\\\/backelite-store.com\\\/shop\\\/the-rite-fuzzrite-germanium\\\/#primaryimage\"},\"image\":{\"@id\":\"https:\\\/\\\/backelite-store.com\\\/shop\\\/the-rite-fuzzrite-germanium\\\/#primaryimage\"},\"thumbnailUrl\":\"https:\\\/\\\/backelite-store.com\\\/wp-content\\\/uploads\\\/2023\\\/11\\\/BackgroundEraser_20231021_113754244-e1698926379278.png\",\"datePublished\":\"2023-11-02T11:27:19+00:00\",\"dateModified\":\"2024-06-16T06:53:38+00:00\",\"breadcrumb\":{\"@id\":\"https:\\\/\\\/backelite-store.com\\\/shop\\\/the-rite-fuzzrite-germanium\\\/#breadcrumb\"},\"inLanguage\":\"en-US\",\"potentialAction\":[{\"@type\":\"ReadAction\",\"target\":[\"https:\\\/\\\/backelite-store.com\\\/shop\\\/the-rite-fuzzrite-germanium\\\/\"]}]},{\"@type\":\"ImageObject\",\"inLanguage\":\"en-US\",\"@id\":\"https:\\\/\\\/backelite-store.com\\\/shop\\\/the-rite-fuzzrite-germanium\\\/#primaryimage\",\"url\":\"https:\\\/\\\/backelite-store.com\\\/wp-content\\\/uploads\\\/2023\\\/11\\\/BackgroundEraser_20231021_113754244-e1698926379278.png\",\"contentUrl\":\"https:\\\/\\\/backelite-store.com\\\/wp-content\\\/uploads\\\/2023\\\/11\\\/BackgroundEraser_20231021_113754244-e1698926379278.png\",\"width\":1055,\"height\":1474},{\"@type\":\"BreadcrumbList\",\"@id\":\"https:\\\/\\\/backelite-store.com\\\/shop\\\/the-rite-fuzzrite-germanium\\\/#breadcrumb\",\"itemListElement\":[{\"@type\":\"ListItem\",\"position\":1,\"name\":\"Accueil\",\"item\":\"https:\\\/\\\/backelite-store.com\\\/\"},{\"@type\":\"ListItem\",\"position\":2,\"name\":\"Boutique\",\"item\":\"https:\\\/\\\/backelite-store.com\\\/shop\\\/\"},{\"@type\":\"ListItem\",\"position\":3,\"name\":\"The Rite (Germanium)\"}]},{\"@type\":\"WebSite\",\"@id\":\"https:\\\/\\\/backelite-store.com\\\/#website\",\"url\":\"https:\\\/\\\/backelite-store.com\\\/\",\"name\":\"backelite-store.com\",\"description\":\"BackElite Boutique Pedals\",\"publisher\":{\"@id\":\"https:\\\/\\\/backelite-store.com\\\/#organization\"},\"potentialAction\":[{\"@type\":\"SearchAction\",\"target\":{\"@type\":\"EntryPoint\",\"urlTemplate\":\"https:\\\/\\\/backelite-store.com\\\/?s={search_term_string}\"},\"query-input\":{\"@type\":\"PropertyValueSpecification\",\"valueRequired\":true,\"valueName\":\"search_term_string\"}}],\"inLanguage\":\"en-US\"},{\"@type\":\"Organization\",\"@id\":\"https:\\\/\\\/backelite-store.com\\\/#organization\",\"name\":\"backelite-store.com\",\"url\":\"https:\\\/\\\/backelite-store.com\\\/\",\"logo\":{\"@type\":\"ImageObject\",\"inLanguage\":\"en-US\",\"@id\":\"https:\\\/\\\/backelite-store.com\\\/#\\\/schema\\\/logo\\\/image\\\/\",\"url\":\"https:\\\/\\\/backelite-store.com\\\/wp-content\\\/uploads\\\/2022\\\/05\\\/cropped-logo-1-e1698968722965.jpeg\",\"contentUrl\":\"https:\\\/\\\/backelite-store.com\\\/wp-content\\\/uploads\\\/2022\\\/05\\\/cropped-logo-1-e1698968722965.jpeg\",\"width\":1920,\"height\":451,\"caption\":\"backelite-store.com\"},\"image\":{\"@id\":\"https:\\\/\\\/backelite-store.com\\\/#\\\/schema\\\/logo\\\/image\\\/\"},\"sameAs\":[\"https:\\\/\\\/www.facebook.com\\\/profile.php?id=100081791915055\",\"https:\\\/\\\/instagram.com\\\/back.elite\"]}]}<\/script>\n<!-- \/ Yoast SEO plugin. -->","yoast_head_json":{"title":"The Rite (Germanium) - backelite-store.com fuzz typiquement 70s","robots":{"index":"index","follow":"follow","max-snippet":"max-snippet:-1","max-image-preview":"max-image-preview:large","max-video-preview":"max-video-preview:-1"},"canonical":"https:\/\/backelite-store.com\/en\/shop\/the-rite-fuzzrite-germanium\/","og_locale":"en_US","og_type":"article","og_title":"The Rite (Germanium) - backelite-store.com fuzz typiquement 70s","og_description":"The Rite est une p\u00e9dale de fuzz inspir\u00e9e de la distorsion des amplis Mosrite des 70\u2019s, revue et adapt\u00e9e pour recevoir des transistors au germanium. Chaotique et versatile, elle se dompte bien avec un ampli crank\u00e9 ! Tout \u00e0 l\u2019oppos\u00e9 d\u2019un overdrive transparent elle est faite pour remuer ciel et terre. Les transistors sont des [&hellip;]","og_url":"https:\/\/backelite-store.com\/en\/shop\/the-rite-fuzzrite-germanium\/","og_site_name":"backelite-store.com","article_publisher":"https:\/\/www.facebook.com\/profile.php?id=100081791915055","article_modified_time":"2024-06-16T06:53:38+00:00","og_image":[{"width":1055,"height":1474,"url":"https:\/\/backelite-store.com\/wp-content\/uploads\/2023\/11\/BackgroundEraser_20231021_113754244-e1698926379278.png","type":"image\/png"}],"twitter_card":"summary_large_image","twitter_misc":{"Est. reading time":"1 minute"},"schema":{"@context":"https:\/\/schema.org","@graph":[{"@type":"WebPage","@id":"https:\/\/backelite-store.com\/shop\/the-rite-fuzzrite-germanium\/","url":"https:\/\/backelite-store.com\/shop\/the-rite-fuzzrite-germanium\/","name":"The Rite (Germanium) - backelite-store.com fuzz typiquement 70s","isPartOf":{"@id":"https:\/\/backelite-store.com\/#website"},"primaryImageOfPage":{"@id":"https:\/\/backelite-store.com\/shop\/the-rite-fuzzrite-germanium\/#primaryimage"},"image":{"@id":"https:\/\/backelite-store.com\/shop\/the-rite-fuzzrite-germanium\/#primaryimage"},"thumbnailUrl":"https:\/\/backelite-store.com\/wp-content\/uploads\/2023\/11\/BackgroundEraser_20231021_113754244-e1698926379278.png","datePublished":"2023-11-02T11:27:19+00:00","dateModified":"2024-06-16T06:53:38+00:00","breadcrumb":{"@id":"https:\/\/backelite-store.com\/shop\/the-rite-fuzzrite-germanium\/#breadcrumb"},"inLanguage":"en-US","potentialAction":[{"@type":"ReadAction","target":["https:\/\/backelite-store.com\/shop\/the-rite-fuzzrite-germanium\/"]}]},{"@type":"ImageObject","inLanguage":"en-US","@id":"https:\/\/backelite-store.com\/shop\/the-rite-fuzzrite-germanium\/#primaryimage","url":"https:\/\/backelite-store.com\/wp-content\/uploads\/2023\/11\/BackgroundEraser_20231021_113754244-e1698926379278.png","contentUrl":"https:\/\/backelite-store.com\/wp-content\/uploads\/2023\/11\/BackgroundEraser_20231021_113754244-e1698926379278.png","width":1055,"height":1474},{"@type":"BreadcrumbList","@id":"https:\/\/backelite-store.com\/shop\/the-rite-fuzzrite-germanium\/#breadcrumb","itemListElement":[{"@type":"ListItem","position":1,"name":"Accueil","item":"https:\/\/backelite-store.com\/"},{"@type":"ListItem","position":2,"name":"Boutique","item":"https:\/\/backelite-store.com\/shop\/"},{"@type":"ListItem","position":3,"name":"The Rite (Germanium)"}]},{"@type":"WebSite","@id":"https:\/\/backelite-store.com\/#website","url":"https:\/\/backelite-store.com\/","name":"backelite-store.com","description":"BackElite Boutique Pedals","publisher":{"@id":"https:\/\/backelite-store.com\/#organization"},"potentialAction":[{"@type":"SearchAction","target":{"@type":"EntryPoint","urlTemplate":"https:\/\/backelite-store.com\/?s={search_term_string}"},"query-input":{"@type":"PropertyValueSpecification","valueRequired":true,"valueName":"search_term_string"}}],"inLanguage":"en-US"},{"@type":"Organization","@id":"https:\/\/backelite-store.com\/#organization","name":"backelite-store.com","url":"https:\/\/backelite-store.com\/","logo":{"@type":"ImageObject","inLanguage":"en-US","@id":"https:\/\/backelite-store.com\/#\/schema\/logo\/image\/","url":"https:\/\/backelite-store.com\/wp-content\/uploads\/2022\/05\/cropped-logo-1-e1698968722965.jpeg","contentUrl":"https:\/\/backelite-store.com\/wp-content\/uploads\/2022\/05\/cropped-logo-1-e1698968722965.jpeg","width":1920,"height":451,"caption":"backelite-store.com"},"image":{"@id":"https:\/\/backelite-store.com\/#\/schema\/logo\/image\/"},"sameAs":["https:\/\/www.facebook.com\/profile.php?id=100081791915055","https:\/\/instagram.com\/back.elite"]}]}},"jetpack_sharing_enabled":true,"_links":{"self":[{"href":"https:\/\/backelite-store.com\/en\/wp-json\/wp\/v2\/product\/892","targetHints":{"allow":["GET"]}}],"collection":[{"href":"https:\/\/backelite-store.com\/en\/wp-json\/wp\/v2\/product"}],"about":[{"href":"https:\/\/backelite-store.com\/en\/wp-json\/wp\/v2\/types\/product"}],"replies":[{"embeddable":true,"href":"https:\/\/backelite-store.com\/en\/wp-json\/wp\/v2\/comments?post=892"}],"wp:featuredmedia":[{"embeddable":true,"href":"https:\/\/backelite-store.com\/en\/wp-json\/wp\/v2\/media\/896"}],"wp:attachment":[{"href":"https:\/\/backelite-store.com\/en\/wp-json\/wp\/v2\/media?parent=892"}],"wp:term":[{"taxonomy":"product_brand","embeddable":true,"href":"https:\/\/backelite-store.com\/en\/wp-json\/wp\/v2\/product_brand?post=892"},{"taxonomy":"product_cat","embeddable":true,"href":"https:\/\/backelite-store.com\/en\/wp-json\/wp\/v2\/product_cat?post=892"},{"taxonomy":"product_tag","embeddable":true,"href":"https:\/\/backelite-store.com\/en\/wp-json\/wp\/v2\/product_tag?post=892"}],"curies":[{"name":"wp","href":"https:\/\/api.w.org\/{rel}","templated":true}]}}