{"id":730,"date":"2023-08-11T08:15:34","date_gmt":"2023-08-11T07:15:34","guid":{"rendered":"https:\/\/backelite-store.com\/?post_type=product&#038;p=730"},"modified":"2024-03-05T14:15:19","modified_gmt":"2024-03-05T13:15:19","slug":"basstone","status":"publish","type":"product","link":"https:\/\/backelite-store.com\/en\/shop\/basstone\/","title":{"rendered":"BassTone"},"content":{"rendered":"<p>A fuzz + octaveUp + boost completely dedicated to bass!<\/p>\n<p>It's hard for bassists to find a vintage fuzz that fully meets their expectations, the first of which is undoubtedly a good response in the lowest frequencies with a fuzz that doesn't turn their playing into muddled mush.<\/p>\n<p>La BassTone est cette fuzz vintage pour basse au son venant directement des 70&rsquo;s !<\/p>\n<p>Quoi de mieux qu&rsquo;un octaveUp pour sortir du mix et donner une touche r\u00e9solument accrocheuse et r\u00e2peuse, on le met avant ou apr\u00e8s la fuzz ? et bien quoi de mieux que d&rsquo;avoir le choix ! Grace \u00e0 un syst\u00e8me de switchs coupl\u00e9 \u00e0 \u00e0 un mixer il est possible d&rsquo;obtenir les combinaisons suivantes:<\/p>\n<ul>\n<li>OctaveUp in series with fuzz mixed with clean<\/li>\n<li>Fuzz en s\u00e9rie avec l&rsquo;octaveUp mix\u00e9 avec le clean<\/li>\n<li>Fuzz mix\u00e9 avec l&rsquo;octaveUp<\/li>\n<\/ul>\n<p>Avec la derni\u00e8re option il suffit de tourner le potentiom\u00e8tre de mix totalement \u00e0 gauche ou \u00e0 droite pour avoir soit la fuzz seule soit l&rsquo;octaveUp seul. Ce qui fait un bon nombre de configurations possibles !<\/p>\n<p>A cela s&rsquo;ajoute non pas un, mais deux boosts ! Le premier vous fera sortir du mix en avantageant les mediums, le second fera rouler le tonnerre et gronder la foudre avec des basses \u00e9normes.<\/p>\n<p>Features:<\/p>\n<ul>\n<li>Fuzz d\u00e9di\u00e9e basse, avec ses r\u00e9glages classiques \u00ab\u00a0Fuzz\u00a0\u00bb, \u00ab\u00a0Tone\u00a0\u00bb et \u00ab\u00a0Volume\u00a0\u00bb<\/li>\n<li>Octave up without adjustment can be disabled by switch<\/li>\n<li>Two very different switch-selectable boosts<\/li>\n<li>Options de mise en s\u00e9rie \/ parall\u00e8le de la fuzz et de l&rsquo;octave up par switchs<\/li>\n<li>Deux footswitchs true-bypass ind\u00e9pendants, un pour la fuzz, l&rsquo;autre pour le boost<\/li>\n<li>Operates on 9v dc (minus in the center)<\/li>\n<li>Power supply not included<\/li>\n<\/ul>\n\n<div data-mode=\"normal\" data-oembed=\"1\" data-provider=\"youtube\" id=\"arve-youtube-hissi4n03_g\" class=\"arve\">\n\t<div class=\"arve-inner\">\n\t\t<div style=\"aspect-ratio:980\/551\" class=\"arve-embed arve-embed--has-aspect-ratio\">\n\t\t\t<div class=\"arve-ar\" style=\"padding-top:56.224490%\"><\/div>\n\t\t\t<iframe allow=\"accelerometer &apos;none&apos;;autoplay &apos;none&apos;;bluetooth &apos;none&apos;;browsing-topics &apos;none&apos;;camera &apos;none&apos;;clipboard-read &apos;none&apos;;clipboard-write;display-capture &apos;none&apos;;encrypted-media &apos;none&apos;;gamepad &apos;none&apos;;geolocation &apos;none&apos;;gyroscope &apos;none&apos;;hid &apos;none&apos;;identity-credentials-get &apos;none&apos;;idle-detection &apos;none&apos;;keyboard-map &apos;none&apos;;local-fonts;magnetometer &apos;none&apos;;microphone &apos;none&apos;;midi &apos;none&apos;;otp-credentials &apos;none&apos;;payment &apos;none&apos;;picture-in-picture;publickey-credentials-create &apos;none&apos;;publickey-credentials-get &apos;none&apos;;screen-wake-lock &apos;none&apos;;serial &apos;none&apos;;summarizer &apos;none&apos;;sync-xhr;usb &apos;none&apos;;web-share;window-management &apos;none&apos;;xr-spatial-tracking &apos;none&apos;;\" allowfullscreen=\"\" class=\"arve-iframe fitvidsignore\" credentialless data-arve=\"arve-youtube-hissi4n03_g\" data-lenis-prevent=\"\" data-src-no-ap=\"https:\/\/www.youtube-nocookie.com\/embed\/hissi4n03_g?feature=oembed&amp;iv_load_policy=3&amp;modestbranding=1&amp;rel=0&amp;autohide=1&amp;playsinline=0&amp;autoplay=0\" frameborder=\"0\" height=\"0\" loading=\"lazy\" name=\"\" referrerpolicy=\"strict-origin-when-cross-origin\" sandbox=\"allow-scripts allow-same-origin allow-presentation allow-popups allow-popups-to-escape-sandbox\" scrolling=\"no\" src=\"https:\/\/www.youtube-nocookie.com\/embed\/hissi4n03_g?feature=oembed&#038;iv_load_policy=3&#038;modestbranding=1&#038;rel=0&#038;autohide=1&#038;playsinline=0&#038;autoplay=0\" title=\"BassTone d\u00e9mo !\" width=\"0\"><\/iframe>\n\t\t\t\n\t\t<\/div>\n\t\t\n\t<\/div>\n\t\n\t\n\t<script data-jetpack-boost=\"ignore\" type=\"application\/ld+json\">{\"@context\":\"http:\\\/\\\/schema.org\\\/\",\"@id\":\"https:\\\/\\\/backelite-store.com\\\/en\\\/shop\\\/basstone\\\/#arve-youtube-hissi4n03_g\",\"type\":\"VideoObject\",\"embedURL\":\"https:\\\/\\\/www.youtube-nocookie.com\\\/embed\\\/hissi4n03_g?feature=oembed&iv_load_policy=3&modestbranding=1&rel=0&autohide=1&playsinline=0&autoplay=0\",\"name\":\"BassTone d\\u00e9mo !\",\"description\":\"D\\u00e9mo de la BassTone par The Bear Bass TV\"}<\/script>\n\t\n<\/div>\n<p>&nbsp;<\/p>","protected":false},"excerpt":{"rendered":"<p>Une fuzz + octaveUp + boost compl\u00e8tement d\u00e9di\u00e9e \u00e0 la basse ! Difficile pour les bassistes de trouver une fuzz au rendu vintage qui r\u00e9ponde totalement \u00e0 leur attentes, la premi\u00e8re \u00e9tant sans doute un bonne r\u00e9ponse dans les fr\u00e9quences les plus graves avec un fuzz qui ne transforme pas leur jeu en bouillie brouillonne. [&hellip;]<\/p>\n","protected":false},"featured_media":849,"comment_status":"closed","ping_status":"closed","template":"","meta":[],"product_brand":[],"product_cat":[157,45],"product_tag":[156,154,46,155,153],"class_list":{"0":"post-730","1":"product","2":"type-product","3":"status-publish","4":"has-post-thumbnail","6":"product_cat-basse","7":"product_cat-fuzz","8":"product_tag-bass","9":"product_tag-boost","10":"product_tag-fuzz","11":"product_tag-mixer","12":"product_tag-octave-up","14":"first","15":"instock","16":"shipping-taxable","17":"purchasable","18":"product-type-simple"},"yoast_head":"<!-- This site is optimized with the Yoast SEO plugin v27.4 - https:\/\/yoast.com\/product\/yoast-seo-wordpress\/ -->\n<title>BassTone - backelite-store.com boost fuzz et octave up d\u00e9di\u00e9s basse dans une p\u00e9dale<\/title>\n<meta name=\"description\" content=\"P\u00e9dale d&#039;effets comprenant Fuzz et octave up d\u00e9di\u00e9e basse avec deux boosts d\u00e9di\u00e9 basse le tout utilisable dans de nombreuses configurations\" \/>\n<meta name=\"robots\" content=\"index, follow, max-snippet:-1, max-image-preview:large, max-video-preview:-1\" \/>\n<link rel=\"canonical\" href=\"https:\/\/backelite-store.com\/en\/shop\/basstone\/\" \/>\n<meta property=\"og:locale\" content=\"en_US\" \/>\n<meta property=\"og:type\" content=\"article\" \/>\n<meta property=\"og:title\" content=\"BassTone - backelite-store.com boost fuzz et octave up d\u00e9di\u00e9s basse dans une p\u00e9dale\" \/>\n<meta property=\"og:description\" content=\"P\u00e9dale d&#039;effets comprenant Fuzz et octave up d\u00e9di\u00e9e basse avec deux boosts d\u00e9di\u00e9 basse le tout utilisable dans de nombreuses configurations\" \/>\n<meta property=\"og:url\" content=\"https:\/\/backelite-store.com\/en\/shop\/basstone\/\" \/>\n<meta property=\"og:site_name\" content=\"backelite-store.com\" \/>\n<meta property=\"article:publisher\" content=\"https:\/\/www.facebook.com\/profile.php?id=100081791915055\" \/>\n<meta property=\"article:modified_time\" content=\"2024-03-05T13:15:19+00:00\" \/>\n<meta property=\"og:image\" content=\"https:\/\/backelite-store.com\/wp-content\/uploads\/2023\/09\/BackgroundEraser_20230921_215034411-e1695445824998.png\" \/>\n\t<meta property=\"og:image:width\" content=\"1142\" \/>\n\t<meta property=\"og:image:height\" content=\"779\" \/>\n\t<meta property=\"og:image:type\" content=\"image\/png\" \/>\n<meta name=\"twitter:card\" content=\"summary_large_image\" \/>\n<meta name=\"twitter:label1\" content=\"Est. reading time\" \/>\n\t<meta name=\"twitter:data1\" content=\"2 minutes\" \/>\n<script type=\"application\/ld+json\" class=\"yoast-schema-graph\">{\"@context\":\"https:\\\/\\\/schema.org\",\"@graph\":[{\"@type\":\"WebPage\",\"@id\":\"https:\\\/\\\/backelite-store.com\\\/shop\\\/basstone\\\/\",\"url\":\"https:\\\/\\\/backelite-store.com\\\/shop\\\/basstone\\\/\",\"name\":\"BassTone - backelite-store.com boost fuzz et octave up d\u00e9di\u00e9s basse dans une p\u00e9dale\",\"isPartOf\":{\"@id\":\"https:\\\/\\\/backelite-store.com\\\/#website\"},\"primaryImageOfPage\":{\"@id\":\"https:\\\/\\\/backelite-store.com\\\/shop\\\/basstone\\\/#primaryimage\"},\"image\":{\"@id\":\"https:\\\/\\\/backelite-store.com\\\/shop\\\/basstone\\\/#primaryimage\"},\"thumbnailUrl\":\"https:\\\/\\\/backelite-store.com\\\/wp-content\\\/uploads\\\/2023\\\/09\\\/BackgroundEraser_20230921_215034411-e1695445824998.png\",\"datePublished\":\"2023-08-11T07:15:34+00:00\",\"dateModified\":\"2024-03-05T13:15:19+00:00\",\"description\":\"P\u00e9dale d'effets comprenant Fuzz et octave up d\u00e9di\u00e9e basse avec deux boosts d\u00e9di\u00e9 basse le tout utilisable dans de nombreuses configurations\",\"breadcrumb\":{\"@id\":\"https:\\\/\\\/backelite-store.com\\\/shop\\\/basstone\\\/#breadcrumb\"},\"inLanguage\":\"en-US\",\"potentialAction\":[{\"@type\":\"ReadAction\",\"target\":[\"https:\\\/\\\/backelite-store.com\\\/shop\\\/basstone\\\/\"]}]},{\"@type\":\"ImageObject\",\"inLanguage\":\"en-US\",\"@id\":\"https:\\\/\\\/backelite-store.com\\\/shop\\\/basstone\\\/#primaryimage\",\"url\":\"https:\\\/\\\/backelite-store.com\\\/wp-content\\\/uploads\\\/2023\\\/09\\\/BackgroundEraser_20230921_215034411-e1695445824998.png\",\"contentUrl\":\"https:\\\/\\\/backelite-store.com\\\/wp-content\\\/uploads\\\/2023\\\/09\\\/BackgroundEraser_20230921_215034411-e1695445824998.png\",\"width\":1142,\"height\":779},{\"@type\":\"BreadcrumbList\",\"@id\":\"https:\\\/\\\/backelite-store.com\\\/shop\\\/basstone\\\/#breadcrumb\",\"itemListElement\":[{\"@type\":\"ListItem\",\"position\":1,\"name\":\"Accueil\",\"item\":\"https:\\\/\\\/backelite-store.com\\\/\"},{\"@type\":\"ListItem\",\"position\":2,\"name\":\"Boutique\",\"item\":\"https:\\\/\\\/backelite-store.com\\\/shop\\\/\"},{\"@type\":\"ListItem\",\"position\":3,\"name\":\"BassTone\"}]},{\"@type\":\"WebSite\",\"@id\":\"https:\\\/\\\/backelite-store.com\\\/#website\",\"url\":\"https:\\\/\\\/backelite-store.com\\\/\",\"name\":\"backelite-store.com\",\"description\":\"BackElite Boutique Pedals\",\"publisher\":{\"@id\":\"https:\\\/\\\/backelite-store.com\\\/#organization\"},\"potentialAction\":[{\"@type\":\"SearchAction\",\"target\":{\"@type\":\"EntryPoint\",\"urlTemplate\":\"https:\\\/\\\/backelite-store.com\\\/?s={search_term_string}\"},\"query-input\":{\"@type\":\"PropertyValueSpecification\",\"valueRequired\":true,\"valueName\":\"search_term_string\"}}],\"inLanguage\":\"en-US\"},{\"@type\":\"Organization\",\"@id\":\"https:\\\/\\\/backelite-store.com\\\/#organization\",\"name\":\"backelite-store.com\",\"url\":\"https:\\\/\\\/backelite-store.com\\\/\",\"logo\":{\"@type\":\"ImageObject\",\"inLanguage\":\"en-US\",\"@id\":\"https:\\\/\\\/backelite-store.com\\\/#\\\/schema\\\/logo\\\/image\\\/\",\"url\":\"https:\\\/\\\/backelite-store.com\\\/wp-content\\\/uploads\\\/2022\\\/05\\\/cropped-logo-1-e1698968722965.jpeg\",\"contentUrl\":\"https:\\\/\\\/backelite-store.com\\\/wp-content\\\/uploads\\\/2022\\\/05\\\/cropped-logo-1-e1698968722965.jpeg\",\"width\":1920,\"height\":451,\"caption\":\"backelite-store.com\"},\"image\":{\"@id\":\"https:\\\/\\\/backelite-store.com\\\/#\\\/schema\\\/logo\\\/image\\\/\"},\"sameAs\":[\"https:\\\/\\\/www.facebook.com\\\/profile.php?id=100081791915055\",\"https:\\\/\\\/instagram.com\\\/back.elite\"]}]}<\/script>\n<!-- \/ Yoast SEO plugin. -->","yoast_head_json":{"title":"BassTone - backelite-store.com boost fuzz et octave up d\u00e9di\u00e9s basse dans une p\u00e9dale","description":"P\u00e9dale d'effets comprenant Fuzz et octave up d\u00e9di\u00e9e basse avec deux boosts d\u00e9di\u00e9 basse le tout utilisable dans de nombreuses configurations","robots":{"index":"index","follow":"follow","max-snippet":"max-snippet:-1","max-image-preview":"max-image-preview:large","max-video-preview":"max-video-preview:-1"},"canonical":"https:\/\/backelite-store.com\/en\/shop\/basstone\/","og_locale":"en_US","og_type":"article","og_title":"BassTone - backelite-store.com boost fuzz et octave up d\u00e9di\u00e9s basse dans une p\u00e9dale","og_description":"P\u00e9dale d'effets comprenant Fuzz et octave up d\u00e9di\u00e9e basse avec deux boosts d\u00e9di\u00e9 basse le tout utilisable dans de nombreuses configurations","og_url":"https:\/\/backelite-store.com\/en\/shop\/basstone\/","og_site_name":"backelite-store.com","article_publisher":"https:\/\/www.facebook.com\/profile.php?id=100081791915055","article_modified_time":"2024-03-05T13:15:19+00:00","og_image":[{"width":1142,"height":779,"url":"https:\/\/backelite-store.com\/wp-content\/uploads\/2023\/09\/BackgroundEraser_20230921_215034411-e1695445824998.png","type":"image\/png"}],"twitter_card":"summary_large_image","twitter_misc":{"Est. reading time":"2 minutes"},"schema":{"@context":"https:\/\/schema.org","@graph":[{"@type":"WebPage","@id":"https:\/\/backelite-store.com\/shop\/basstone\/","url":"https:\/\/backelite-store.com\/shop\/basstone\/","name":"BassTone - backelite-store.com boost fuzz et octave up d\u00e9di\u00e9s basse dans une p\u00e9dale","isPartOf":{"@id":"https:\/\/backelite-store.com\/#website"},"primaryImageOfPage":{"@id":"https:\/\/backelite-store.com\/shop\/basstone\/#primaryimage"},"image":{"@id":"https:\/\/backelite-store.com\/shop\/basstone\/#primaryimage"},"thumbnailUrl":"https:\/\/backelite-store.com\/wp-content\/uploads\/2023\/09\/BackgroundEraser_20230921_215034411-e1695445824998.png","datePublished":"2023-08-11T07:15:34+00:00","dateModified":"2024-03-05T13:15:19+00:00","description":"P\u00e9dale d'effets comprenant Fuzz et octave up d\u00e9di\u00e9e basse avec deux boosts d\u00e9di\u00e9 basse le tout utilisable dans de nombreuses configurations","breadcrumb":{"@id":"https:\/\/backelite-store.com\/shop\/basstone\/#breadcrumb"},"inLanguage":"en-US","potentialAction":[{"@type":"ReadAction","target":["https:\/\/backelite-store.com\/shop\/basstone\/"]}]},{"@type":"ImageObject","inLanguage":"en-US","@id":"https:\/\/backelite-store.com\/shop\/basstone\/#primaryimage","url":"https:\/\/backelite-store.com\/wp-content\/uploads\/2023\/09\/BackgroundEraser_20230921_215034411-e1695445824998.png","contentUrl":"https:\/\/backelite-store.com\/wp-content\/uploads\/2023\/09\/BackgroundEraser_20230921_215034411-e1695445824998.png","width":1142,"height":779},{"@type":"BreadcrumbList","@id":"https:\/\/backelite-store.com\/shop\/basstone\/#breadcrumb","itemListElement":[{"@type":"ListItem","position":1,"name":"Accueil","item":"https:\/\/backelite-store.com\/"},{"@type":"ListItem","position":2,"name":"Boutique","item":"https:\/\/backelite-store.com\/shop\/"},{"@type":"ListItem","position":3,"name":"BassTone"}]},{"@type":"WebSite","@id":"https:\/\/backelite-store.com\/#website","url":"https:\/\/backelite-store.com\/","name":"backelite-store.com","description":"BackElite Boutique Pedals","publisher":{"@id":"https:\/\/backelite-store.com\/#organization"},"potentialAction":[{"@type":"SearchAction","target":{"@type":"EntryPoint","urlTemplate":"https:\/\/backelite-store.com\/?s={search_term_string}"},"query-input":{"@type":"PropertyValueSpecification","valueRequired":true,"valueName":"search_term_string"}}],"inLanguage":"en-US"},{"@type":"Organization","@id":"https:\/\/backelite-store.com\/#organization","name":"backelite-store.com","url":"https:\/\/backelite-store.com\/","logo":{"@type":"ImageObject","inLanguage":"en-US","@id":"https:\/\/backelite-store.com\/#\/schema\/logo\/image\/","url":"https:\/\/backelite-store.com\/wp-content\/uploads\/2022\/05\/cropped-logo-1-e1698968722965.jpeg","contentUrl":"https:\/\/backelite-store.com\/wp-content\/uploads\/2022\/05\/cropped-logo-1-e1698968722965.jpeg","width":1920,"height":451,"caption":"backelite-store.com"},"image":{"@id":"https:\/\/backelite-store.com\/#\/schema\/logo\/image\/"},"sameAs":["https:\/\/www.facebook.com\/profile.php?id=100081791915055","https:\/\/instagram.com\/back.elite"]}]}},"jetpack_sharing_enabled":true,"_links":{"self":[{"href":"https:\/\/backelite-store.com\/en\/wp-json\/wp\/v2\/product\/730","targetHints":{"allow":["GET"]}}],"collection":[{"href":"https:\/\/backelite-store.com\/en\/wp-json\/wp\/v2\/product"}],"about":[{"href":"https:\/\/backelite-store.com\/en\/wp-json\/wp\/v2\/types\/product"}],"replies":[{"embeddable":true,"href":"https:\/\/backelite-store.com\/en\/wp-json\/wp\/v2\/comments?post=730"}],"wp:featuredmedia":[{"embeddable":true,"href":"https:\/\/backelite-store.com\/en\/wp-json\/wp\/v2\/media\/849"}],"wp:attachment":[{"href":"https:\/\/backelite-store.com\/en\/wp-json\/wp\/v2\/media?parent=730"}],"wp:term":[{"taxonomy":"product_brand","embeddable":true,"href":"https:\/\/backelite-store.com\/en\/wp-json\/wp\/v2\/product_brand?post=730"},{"taxonomy":"product_cat","embeddable":true,"href":"https:\/\/backelite-store.com\/en\/wp-json\/wp\/v2\/product_cat?post=730"},{"taxonomy":"product_tag","embeddable":true,"href":"https:\/\/backelite-store.com\/en\/wp-json\/wp\/v2\/product_tag?post=730"}],"curies":[{"name":"wp","href":"https:\/\/api.w.org\/{rel}","templated":true}]}}