{"id":721,"date":"2023-03-28T13:06:34","date_gmt":"2023-03-28T12:06:34","guid":{"rendered":"https:\/\/backelite-store.com\/?post_type=product&#038;p=721"},"modified":"2024-06-16T07:52:28","modified_gmt":"2024-06-16T06:52:28","slug":"la-pie-noire","status":"publish","type":"product","link":"https:\/\/backelite-store.com\/en\/shop\/la-pie-noire\/","title":{"rendered":"La Pie Noire"},"content":{"rendered":"<p>La Pie Noire s&rsquo;inspire de la Big Muff Sovtek, b\u00e2tie autour d&rsquo;une architecture diff\u00e9rente avec des transistors \u00e0 faible gain pour plus de d\u00e9finition \u00e0 l&rsquo;attaque.<\/p>\n<p>If you like a big, fat, compressed sound with lots of sustain, it will be a powerful companion!<\/p>\n<p>Features:<\/p>\n<ul>\n<li>Fat, compressed and full of sustain!<\/li>\n<li>Switch true-bypass<\/li>\n<li>Controls: Sustain, Tone, Level<\/li>\n<li>Operates on 9v dc (minus in the center)<\/li>\n<li>Power supply not included<\/li>\n<\/ul>\n<div id=\"kgvid_kgvid_0_wrapper\" class=\"kgvid_wrapper\">\n\t\t\t<div id=\"video_kgvid_0_div\" class=\"fitvidsignore kgvid_videodiv\" data-id=\"kgvid_0\" data-kgvid_video_vars=\"{&quot;id&quot;:&quot;kgvid_0&quot;,&quot;attachment_id&quot;:&quot;999&quot;,&quot;player_type&quot;:&quot;Video.js v8&quot;,&quot;width&quot;:&quot;640&quot;,&quot;height&quot;:360,&quot;fullwidth&quot;:&quot;true&quot;,&quot;fixed_aspect&quot;:&quot;vertical&quot;,&quot;countable&quot;:true,&quot;count_views&quot;:&quot;start_complete&quot;,&quot;start&quot;:&quot;&quot;,&quot;autoplay&quot;:&quot;true&quot;,&quot;pauseothervideos&quot;:&quot;true&quot;,&quot;set_volume&quot;:&quot;1&quot;,&quot;muted&quot;:&quot;false&quot;,&quot;meta&quot;:true,&quot;endofvideooverlay&quot;:&quot;&quot;,&quot;resize&quot;:&quot;true&quot;,&quot;auto_res&quot;:&quot;automatique&quot;,&quot;pixel_ratio&quot;:&quot;true&quot;,&quot;right_click&quot;:&quot;on&quot;,&quot;playback_rate&quot;:&quot;false&quot;,&quot;title&quot;:&quot;VN20240419_203127&quot;,&quot;skip_buttons&quot;:[],&quot;nativecontrolsfortouch&quot;:&quot;false&quot;,&quot;locale&quot;:&quot;en&quot;,&quot;enable_resolutions_plugin&quot;:false}\" itemprop=\"video\" itemscope itemtype=\"https:\/\/schema.org\/VideoObject\"><meta itemprop=\"embedUrl\" content=\"https:\/\/backelite-store.com\/?attachment_id=999&#038;videopack%5Benable%5D=true\"><meta itemprop=\"contentUrl\" content=\"https:\/\/backelite-store.com\/wp-content\/uploads\/2024\/04\/VN20240419_203127.mp4\"><meta itemprop=\"name\" content=\"VN20240419_203127\"><meta itemprop=\"description\" content=\"Video\"><meta itemprop=\"uploadDate\" content=\"\">\n\t\t\t\t<video id=\"video_kgvid_0\" playsinline autoplay controls preload=\"metadata\" width=\"640\" height=\"360\" class=\"fitvidsignore video-js kg-video-js-skin\">\n\t\t\t\t\t<source src=\"https:\/\/backelite-store.com\/wp-content\/uploads\/2024\/04\/VN20240419_203127.mp4?id=0\" type=\"video\/mp4\" data-res=\"1280p\">\n\t\t\t\t<\/video>\n\t\t\t<\/div>\n\t\t\t<div style=\"display:none\" id=\"video_kgvid_0_meta\" class=\"kgvid_video_meta kgvid_video_meta_hover\">\n\t\t\t\t<span class='kgvid_meta_icons'><\/span>\n\t\t\t\t<span id='video_kgvid_0_title' class='kgvid_title'>VN20240419_203127<\/span>\n<\/div>\n\t\t<\/div>\n\n<div data-mode=\"normal\" data-provider=\"html5\" id=\"arve-html5-\" class=\"arve\">\n\t<div class=\"arve-inner\">\n\t\t<div class=\"arve-embed\">\n\t\t\t<video class=\"arve-video fitvidsignore\" controls controlslist=\"\" data-arve=\"arve-html5-\" onloadstart=\"this.volume=1\" preload=\"metadata\"><source type=\"video\/x-m4v\" src=\"https:\/\/backelite-store.com\/wp-content\/uploads\/2023\/03\/pienoire.m4v#t=0.1\"><\/video>\n\t\t\t\n\t\t<\/div>\n\t\t\n\t<\/div>\n\t\n\t\n\t<script data-jetpack-boost=\"ignore\" type=\"application\/ld+json\">{\"@context\":\"http:\\\/\\\/schema.org\\\/\",\"@id\":\"https:\\\/\\\/backelite-store.com\\\/en\\\/shop\\\/la-pie-noire\\\/#arve-html5-\",\"type\":\"VideoObject\",\"contentURL\":\"https:\\\/\\\/backelite-store.com\\\/wp-content\\\/uploads\\\/2023\\\/03\\\/pienoire.m4v\",\"name\":\"La Pie Noire fait sa d\\u00e9mo !\",\"description\":\"La Pie Noire fait sa d\\u00e9mo !\"}<\/script>\n\t\n<\/div>","protected":false},"excerpt":{"rendered":"<p>La Pie Noire s&rsquo;inspire de la Big Muff Sovtek, b\u00e2tie autour d&rsquo;une architecture diff\u00e9rente avec des transistors \u00e0 faible gain pour plus de d\u00e9finition \u00e0 l&rsquo;attaque. Si vous aimez le gros son compress\u00e9, bien fat et plein de sustain, elle vous accompagnera puissamment ! Caract\u00e9ristiques: Fat, compress\u00e9e et pleine de sustain ! Switch true-bypass Contr\u00f4les: [&hellip;]<\/p>\n","protected":false},"featured_media":887,"comment_status":"closed","ping_status":"closed","template":"","meta":[],"product_brand":[],"product_cat":[157,45,159],"product_tag":[156,46,158],"class_list":{"0":"post-721","1":"product","2":"type-product","3":"status-publish","4":"has-post-thumbnail","6":"product_cat-basse","7":"product_cat-fuzz","8":"product_cat-guitare","9":"product_tag-bass","10":"product_tag-fuzz","11":"product_tag-guitare","13":"first","14":"instock","15":"shipping-taxable","16":"purchasable","17":"product-type-simple"},"yoast_head":"<!-- This site is optimized with the Yoast SEO plugin v27.3 - https:\/\/yoast.com\/product\/yoast-seo-wordpress\/ -->\n<title>La Pie Noire - backelite-store.com<\/title>\n<meta name=\"description\" content=\"La Pie Noire s&#039;inspire de la Big Muff Sovtek, b\u00e2tie autour d&#039;une architecture diff\u00e9rente.Si vous aimez le gros son compress\u00e9, bien fat et plein de sustain, elle vous accompagnera puissamment !\" \/>\n<meta name=\"robots\" content=\"index, follow, max-snippet:-1, max-image-preview:large, max-video-preview:-1\" \/>\n<link rel=\"canonical\" href=\"https:\/\/backelite-store.com\/en\/shop\/la-pie-noire\/\" \/>\n<meta property=\"og:locale\" content=\"en_US\" \/>\n<meta property=\"og:type\" content=\"article\" \/>\n<meta property=\"og:title\" content=\"La Pie Noire - backelite-store.com\" \/>\n<meta property=\"og:description\" content=\"La Pie Noire s&#039;inspire de la Big Muff Sovtek, b\u00e2tie autour d&#039;une architecture diff\u00e9rente.Si vous aimez le gros son compress\u00e9, bien fat et plein de sustain, elle vous accompagnera puissamment !\" \/>\n<meta property=\"og:url\" content=\"https:\/\/backelite-store.com\/en\/shop\/la-pie-noire\/\" \/>\n<meta property=\"og:site_name\" content=\"backelite-store.com\" \/>\n<meta property=\"article:publisher\" content=\"https:\/\/www.facebook.com\/profile.php?id=100081791915055\" \/>\n<meta property=\"article:modified_time\" content=\"2024-06-16T06:52:28+00:00\" \/>\n<meta property=\"og:image\" content=\"https:\/\/backelite-store.com\/wp-content\/uploads\/2023\/11\/BackgroundEraser_20231102_114634990-e1698922512744.png\" \/>\n\t<meta property=\"og:image:width\" content=\"1181\" \/>\n\t<meta property=\"og:image:height\" content=\"1508\" \/>\n\t<meta property=\"og:image:type\" content=\"image\/png\" \/>\n<meta name=\"twitter:card\" content=\"summary_large_image\" \/>\n<meta name=\"twitter:label1\" content=\"Est. reading time\" \/>\n\t<meta name=\"twitter:data1\" content=\"1 minute\" \/>\n<script type=\"application\/ld+json\" class=\"yoast-schema-graph\">{\"@context\":\"https:\\\/\\\/schema.org\",\"@graph\":[{\"@type\":\"WebPage\",\"@id\":\"https:\\\/\\\/backelite-store.com\\\/shop\\\/la-pie-noire\\\/\",\"url\":\"https:\\\/\\\/backelite-store.com\\\/shop\\\/la-pie-noire\\\/\",\"name\":\"La Pie Noire - backelite-store.com\",\"isPartOf\":{\"@id\":\"https:\\\/\\\/backelite-store.com\\\/#website\"},\"primaryImageOfPage\":{\"@id\":\"https:\\\/\\\/backelite-store.com\\\/shop\\\/la-pie-noire\\\/#primaryimage\"},\"image\":{\"@id\":\"https:\\\/\\\/backelite-store.com\\\/shop\\\/la-pie-noire\\\/#primaryimage\"},\"thumbnailUrl\":\"https:\\\/\\\/backelite-store.com\\\/wp-content\\\/uploads\\\/2023\\\/11\\\/BackgroundEraser_20231102_114634990-e1698922512744.png\",\"datePublished\":\"2023-03-28T12:06:34+00:00\",\"dateModified\":\"2024-06-16T06:52:28+00:00\",\"description\":\"La Pie Noire s'inspire de la Big Muff Sovtek, b\u00e2tie autour d'une architecture diff\u00e9rente.Si vous aimez le gros son compress\u00e9, bien fat et plein de sustain, elle vous accompagnera puissamment !\",\"breadcrumb\":{\"@id\":\"https:\\\/\\\/backelite-store.com\\\/shop\\\/la-pie-noire\\\/#breadcrumb\"},\"inLanguage\":\"en-US\",\"potentialAction\":[{\"@type\":\"ReadAction\",\"target\":[\"https:\\\/\\\/backelite-store.com\\\/shop\\\/la-pie-noire\\\/\"]}]},{\"@type\":\"ImageObject\",\"inLanguage\":\"en-US\",\"@id\":\"https:\\\/\\\/backelite-store.com\\\/shop\\\/la-pie-noire\\\/#primaryimage\",\"url\":\"https:\\\/\\\/backelite-store.com\\\/wp-content\\\/uploads\\\/2023\\\/11\\\/BackgroundEraser_20231102_114634990-e1698922512744.png\",\"contentUrl\":\"https:\\\/\\\/backelite-store.com\\\/wp-content\\\/uploads\\\/2023\\\/11\\\/BackgroundEraser_20231102_114634990-e1698922512744.png\",\"width\":1181,\"height\":1508},{\"@type\":\"BreadcrumbList\",\"@id\":\"https:\\\/\\\/backelite-store.com\\\/shop\\\/la-pie-noire\\\/#breadcrumb\",\"itemListElement\":[{\"@type\":\"ListItem\",\"position\":1,\"name\":\"Accueil\",\"item\":\"https:\\\/\\\/backelite-store.com\\\/\"},{\"@type\":\"ListItem\",\"position\":2,\"name\":\"Boutique\",\"item\":\"https:\\\/\\\/backelite-store.com\\\/shop\\\/\"},{\"@type\":\"ListItem\",\"position\":3,\"name\":\"La Pie Noire\"}]},{\"@type\":\"WebSite\",\"@id\":\"https:\\\/\\\/backelite-store.com\\\/#website\",\"url\":\"https:\\\/\\\/backelite-store.com\\\/\",\"name\":\"backelite-store.com\",\"description\":\"BackElite Boutique Pedals\",\"publisher\":{\"@id\":\"https:\\\/\\\/backelite-store.com\\\/#organization\"},\"potentialAction\":[{\"@type\":\"SearchAction\",\"target\":{\"@type\":\"EntryPoint\",\"urlTemplate\":\"https:\\\/\\\/backelite-store.com\\\/?s={search_term_string}\"},\"query-input\":{\"@type\":\"PropertyValueSpecification\",\"valueRequired\":true,\"valueName\":\"search_term_string\"}}],\"inLanguage\":\"en-US\"},{\"@type\":\"Organization\",\"@id\":\"https:\\\/\\\/backelite-store.com\\\/#organization\",\"name\":\"backelite-store.com\",\"url\":\"https:\\\/\\\/backelite-store.com\\\/\",\"logo\":{\"@type\":\"ImageObject\",\"inLanguage\":\"en-US\",\"@id\":\"https:\\\/\\\/backelite-store.com\\\/#\\\/schema\\\/logo\\\/image\\\/\",\"url\":\"https:\\\/\\\/backelite-store.com\\\/wp-content\\\/uploads\\\/2022\\\/05\\\/cropped-logo-1-e1698968722965.jpeg\",\"contentUrl\":\"https:\\\/\\\/backelite-store.com\\\/wp-content\\\/uploads\\\/2022\\\/05\\\/cropped-logo-1-e1698968722965.jpeg\",\"width\":1920,\"height\":451,\"caption\":\"backelite-store.com\"},\"image\":{\"@id\":\"https:\\\/\\\/backelite-store.com\\\/#\\\/schema\\\/logo\\\/image\\\/\"},\"sameAs\":[\"https:\\\/\\\/www.facebook.com\\\/profile.php?id=100081791915055\",\"https:\\\/\\\/instagram.com\\\/back.elite\"]}]}<\/script>\n<!-- \/ Yoast SEO plugin. -->","yoast_head_json":{"title":"La Pie Noire - backelite-store.com","description":"La Pie Noire s'inspire de la Big Muff Sovtek, b\u00e2tie autour d'une architecture diff\u00e9rente.Si vous aimez le gros son compress\u00e9, bien fat et plein de sustain, elle vous accompagnera puissamment !","robots":{"index":"index","follow":"follow","max-snippet":"max-snippet:-1","max-image-preview":"max-image-preview:large","max-video-preview":"max-video-preview:-1"},"canonical":"https:\/\/backelite-store.com\/en\/shop\/la-pie-noire\/","og_locale":"en_US","og_type":"article","og_title":"La Pie Noire - backelite-store.com","og_description":"La Pie Noire s'inspire de la Big Muff Sovtek, b\u00e2tie autour d'une architecture diff\u00e9rente.Si vous aimez le gros son compress\u00e9, bien fat et plein de sustain, elle vous accompagnera puissamment !","og_url":"https:\/\/backelite-store.com\/en\/shop\/la-pie-noire\/","og_site_name":"backelite-store.com","article_publisher":"https:\/\/www.facebook.com\/profile.php?id=100081791915055","article_modified_time":"2024-06-16T06:52:28+00:00","og_image":[{"width":1181,"height":1508,"url":"https:\/\/backelite-store.com\/wp-content\/uploads\/2023\/11\/BackgroundEraser_20231102_114634990-e1698922512744.png","type":"image\/png"}],"twitter_card":"summary_large_image","twitter_misc":{"Est. reading time":"1 minute"},"schema":{"@context":"https:\/\/schema.org","@graph":[{"@type":"WebPage","@id":"https:\/\/backelite-store.com\/shop\/la-pie-noire\/","url":"https:\/\/backelite-store.com\/shop\/la-pie-noire\/","name":"La Pie Noire - backelite-store.com","isPartOf":{"@id":"https:\/\/backelite-store.com\/#website"},"primaryImageOfPage":{"@id":"https:\/\/backelite-store.com\/shop\/la-pie-noire\/#primaryimage"},"image":{"@id":"https:\/\/backelite-store.com\/shop\/la-pie-noire\/#primaryimage"},"thumbnailUrl":"https:\/\/backelite-store.com\/wp-content\/uploads\/2023\/11\/BackgroundEraser_20231102_114634990-e1698922512744.png","datePublished":"2023-03-28T12:06:34+00:00","dateModified":"2024-06-16T06:52:28+00:00","description":"La Pie Noire s'inspire de la Big Muff Sovtek, b\u00e2tie autour d'une architecture diff\u00e9rente.Si vous aimez le gros son compress\u00e9, bien fat et plein de sustain, elle vous accompagnera puissamment !","breadcrumb":{"@id":"https:\/\/backelite-store.com\/shop\/la-pie-noire\/#breadcrumb"},"inLanguage":"en-US","potentialAction":[{"@type":"ReadAction","target":["https:\/\/backelite-store.com\/shop\/la-pie-noire\/"]}]},{"@type":"ImageObject","inLanguage":"en-US","@id":"https:\/\/backelite-store.com\/shop\/la-pie-noire\/#primaryimage","url":"https:\/\/backelite-store.com\/wp-content\/uploads\/2023\/11\/BackgroundEraser_20231102_114634990-e1698922512744.png","contentUrl":"https:\/\/backelite-store.com\/wp-content\/uploads\/2023\/11\/BackgroundEraser_20231102_114634990-e1698922512744.png","width":1181,"height":1508},{"@type":"BreadcrumbList","@id":"https:\/\/backelite-store.com\/shop\/la-pie-noire\/#breadcrumb","itemListElement":[{"@type":"ListItem","position":1,"name":"Accueil","item":"https:\/\/backelite-store.com\/"},{"@type":"ListItem","position":2,"name":"Boutique","item":"https:\/\/backelite-store.com\/shop\/"},{"@type":"ListItem","position":3,"name":"La Pie Noire"}]},{"@type":"WebSite","@id":"https:\/\/backelite-store.com\/#website","url":"https:\/\/backelite-store.com\/","name":"backelite-store.com","description":"BackElite Boutique Pedals","publisher":{"@id":"https:\/\/backelite-store.com\/#organization"},"potentialAction":[{"@type":"SearchAction","target":{"@type":"EntryPoint","urlTemplate":"https:\/\/backelite-store.com\/?s={search_term_string}"},"query-input":{"@type":"PropertyValueSpecification","valueRequired":true,"valueName":"search_term_string"}}],"inLanguage":"en-US"},{"@type":"Organization","@id":"https:\/\/backelite-store.com\/#organization","name":"backelite-store.com","url":"https:\/\/backelite-store.com\/","logo":{"@type":"ImageObject","inLanguage":"en-US","@id":"https:\/\/backelite-store.com\/#\/schema\/logo\/image\/","url":"https:\/\/backelite-store.com\/wp-content\/uploads\/2022\/05\/cropped-logo-1-e1698968722965.jpeg","contentUrl":"https:\/\/backelite-store.com\/wp-content\/uploads\/2022\/05\/cropped-logo-1-e1698968722965.jpeg","width":1920,"height":451,"caption":"backelite-store.com"},"image":{"@id":"https:\/\/backelite-store.com\/#\/schema\/logo\/image\/"},"sameAs":["https:\/\/www.facebook.com\/profile.php?id=100081791915055","https:\/\/instagram.com\/back.elite"]}]}},"jetpack_sharing_enabled":true,"_links":{"self":[{"href":"https:\/\/backelite-store.com\/en\/wp-json\/wp\/v2\/product\/721","targetHints":{"allow":["GET"]}}],"collection":[{"href":"https:\/\/backelite-store.com\/en\/wp-json\/wp\/v2\/product"}],"about":[{"href":"https:\/\/backelite-store.com\/en\/wp-json\/wp\/v2\/types\/product"}],"replies":[{"embeddable":true,"href":"https:\/\/backelite-store.com\/en\/wp-json\/wp\/v2\/comments?post=721"}],"wp:featuredmedia":[{"embeddable":true,"href":"https:\/\/backelite-store.com\/en\/wp-json\/wp\/v2\/media\/887"}],"wp:attachment":[{"href":"https:\/\/backelite-store.com\/en\/wp-json\/wp\/v2\/media?parent=721"}],"wp:term":[{"taxonomy":"product_brand","embeddable":true,"href":"https:\/\/backelite-store.com\/en\/wp-json\/wp\/v2\/product_brand?post=721"},{"taxonomy":"product_cat","embeddable":true,"href":"https:\/\/backelite-store.com\/en\/wp-json\/wp\/v2\/product_cat?post=721"},{"taxonomy":"product_tag","embeddable":true,"href":"https:\/\/backelite-store.com\/en\/wp-json\/wp\/v2\/product_tag?post=721"}],"curies":[{"name":"wp","href":"https:\/\/api.w.org\/{rel}","templated":true}]}}