{"id":1109,"date":"2024-06-13T01:46:39","date_gmt":"2024-06-13T00:46:39","guid":{"rendered":"https:\/\/backelite-store.com\/?post_type=product&#038;p=1109"},"modified":"2024-06-13T12:35:11","modified_gmt":"2024-06-13T11:35:11","slug":"fuzz-face-hendrix-mod","status":"publish","type":"product","link":"https:\/\/backelite-store.com\/en\/shop\/fuzz-face-hendrix-mod\/","title":{"rendered":"Fuzz Face Hendrix Mod"},"content":{"rendered":"<p>Une Fuzz Face germanium implant\u00e9e sur le circuit d&rsquo;origine avec des composants NOS et des transistors germaniums sovi\u00e9tiques GT402b.<\/p>\n<p>Les valeurs des composants sont celles utilis\u00e9es par Roger Mayer pour sa modification de la Fuzz Face destin\u00e9e \u00e0 Jimi Hendrix.<\/p>\n<p>&nbsp;<\/p>","protected":false},"excerpt":{"rendered":"<p>Une Fuzz Face germanium implant\u00e9e sur le circuit d&rsquo;origine avec des composants NOS et des transistors germaniums sovi\u00e9tiques GT402b. Les valeurs des composants sont celles utilis\u00e9es par Roger Mayer pour sa modification de la Fuzz Face destin\u00e9e \u00e0 Jimi Hendrix. &nbsp;<\/p>","protected":false},"featured_media":1110,"comment_status":"closed","ping_status":"closed","template":"","meta":[],"product_brand":[],"product_cat":[45,159],"product_tag":[46,158],"class_list":{"0":"post-1109","1":"product","2":"type-product","3":"status-publish","4":"has-post-thumbnail","6":"product_cat-fuzz","7":"product_cat-guitare","8":"product_tag-fuzz","9":"product_tag-guitare","11":"first","12":"instock","13":"shipping-taxable","14":"purchasable","15":"product-type-simple"},"yoast_head":"<!-- This site is optimized with the Yoast SEO plugin v27.3 - https:\/\/yoast.com\/product\/yoast-seo-wordpress\/ -->\n<title>Fuzz Face Hendrix Mod - backelite-store.com<\/title>\n<meta name=\"robots\" content=\"index, follow, max-snippet:-1, max-image-preview:large, max-video-preview:-1\" \/>\n<link rel=\"canonical\" href=\"https:\/\/backelite-store.com\/en\/shop\/fuzz-face-hendrix-mod\/\" \/>\n<meta property=\"og:locale\" content=\"en_US\" \/>\n<meta property=\"og:type\" content=\"article\" \/>\n<meta property=\"og:title\" content=\"Fuzz Face Hendrix Mod - backelite-store.com\" \/>\n<meta property=\"og:description\" content=\"Une Fuzz Face germanium implant\u00e9e sur le circuit d&rsquo;origine avec des composants NOS et des transistors germaniums sovi\u00e9tiques GT402b. Les valeurs des composants sont celles utilis\u00e9es par Roger Mayer pour sa modification de la Fuzz Face destin\u00e9e \u00e0 Jimi Hendrix. &nbsp;\" \/>\n<meta property=\"og:url\" content=\"https:\/\/backelite-store.com\/en\/shop\/fuzz-face-hendrix-mod\/\" \/>\n<meta property=\"og:site_name\" content=\"backelite-store.com\" \/>\n<meta property=\"article:publisher\" content=\"https:\/\/www.facebook.com\/profile.php?id=100081791915055\" \/>\n<meta property=\"article:modified_time\" content=\"2024-06-13T11:35:11+00:00\" \/>\n<meta property=\"og:image\" content=\"https:\/\/backelite-store.com\/wp-content\/uploads\/2024\/06\/IMG_20240411_153144_827-01.jpeg\" \/>\n\t<meta property=\"og:image:width\" content=\"1920\" \/>\n\t<meta property=\"og:image:height\" content=\"1920\" \/>\n\t<meta property=\"og:image:type\" content=\"image\/jpeg\" \/>\n<meta name=\"twitter:card\" content=\"summary_large_image\" \/>\n<meta name=\"twitter:label1\" content=\"Est. reading time\" \/>\n\t<meta name=\"twitter:data1\" content=\"1 minute\" \/>\n<script type=\"application\/ld+json\" class=\"yoast-schema-graph\">{\"@context\":\"https:\\\/\\\/schema.org\",\"@graph\":[{\"@type\":\"WebPage\",\"@id\":\"https:\\\/\\\/backelite-store.com\\\/shop\\\/fuzz-face-hendrix-mod\\\/\",\"url\":\"https:\\\/\\\/backelite-store.com\\\/shop\\\/fuzz-face-hendrix-mod\\\/\",\"name\":\"Fuzz Face Hendrix Mod - backelite-store.com\",\"isPartOf\":{\"@id\":\"https:\\\/\\\/backelite-store.com\\\/#website\"},\"primaryImageOfPage\":{\"@id\":\"https:\\\/\\\/backelite-store.com\\\/shop\\\/fuzz-face-hendrix-mod\\\/#primaryimage\"},\"image\":{\"@id\":\"https:\\\/\\\/backelite-store.com\\\/shop\\\/fuzz-face-hendrix-mod\\\/#primaryimage\"},\"thumbnailUrl\":\"https:\\\/\\\/backelite-store.com\\\/wp-content\\\/uploads\\\/2024\\\/06\\\/IMG_20240411_153144_827-01.jpeg\",\"datePublished\":\"2024-06-13T00:46:39+00:00\",\"dateModified\":\"2024-06-13T11:35:11+00:00\",\"breadcrumb\":{\"@id\":\"https:\\\/\\\/backelite-store.com\\\/shop\\\/fuzz-face-hendrix-mod\\\/#breadcrumb\"},\"inLanguage\":\"en-US\",\"potentialAction\":[{\"@type\":\"ReadAction\",\"target\":[\"https:\\\/\\\/backelite-store.com\\\/shop\\\/fuzz-face-hendrix-mod\\\/\"]}]},{\"@type\":\"ImageObject\",\"inLanguage\":\"en-US\",\"@id\":\"https:\\\/\\\/backelite-store.com\\\/shop\\\/fuzz-face-hendrix-mod\\\/#primaryimage\",\"url\":\"https:\\\/\\\/backelite-store.com\\\/wp-content\\\/uploads\\\/2024\\\/06\\\/IMG_20240411_153144_827-01.jpeg\",\"contentUrl\":\"https:\\\/\\\/backelite-store.com\\\/wp-content\\\/uploads\\\/2024\\\/06\\\/IMG_20240411_153144_827-01.jpeg\",\"width\":1920,\"height\":1920},{\"@type\":\"BreadcrumbList\",\"@id\":\"https:\\\/\\\/backelite-store.com\\\/shop\\\/fuzz-face-hendrix-mod\\\/#breadcrumb\",\"itemListElement\":[{\"@type\":\"ListItem\",\"position\":1,\"name\":\"Accueil\",\"item\":\"https:\\\/\\\/backelite-store.com\\\/\"},{\"@type\":\"ListItem\",\"position\":2,\"name\":\"Boutique\",\"item\":\"https:\\\/\\\/backelite-store.com\\\/shop\\\/\"},{\"@type\":\"ListItem\",\"position\":3,\"name\":\"Fuzz Face Hendrix Mod\"}]},{\"@type\":\"WebSite\",\"@id\":\"https:\\\/\\\/backelite-store.com\\\/#website\",\"url\":\"https:\\\/\\\/backelite-store.com\\\/\",\"name\":\"backelite-store.com\",\"description\":\"BackElite Boutique Pedals\",\"publisher\":{\"@id\":\"https:\\\/\\\/backelite-store.com\\\/#organization\"},\"potentialAction\":[{\"@type\":\"SearchAction\",\"target\":{\"@type\":\"EntryPoint\",\"urlTemplate\":\"https:\\\/\\\/backelite-store.com\\\/?s={search_term_string}\"},\"query-input\":{\"@type\":\"PropertyValueSpecification\",\"valueRequired\":true,\"valueName\":\"search_term_string\"}}],\"inLanguage\":\"en-US\"},{\"@type\":\"Organization\",\"@id\":\"https:\\\/\\\/backelite-store.com\\\/#organization\",\"name\":\"backelite-store.com\",\"url\":\"https:\\\/\\\/backelite-store.com\\\/\",\"logo\":{\"@type\":\"ImageObject\",\"inLanguage\":\"en-US\",\"@id\":\"https:\\\/\\\/backelite-store.com\\\/#\\\/schema\\\/logo\\\/image\\\/\",\"url\":\"https:\\\/\\\/backelite-store.com\\\/wp-content\\\/uploads\\\/2022\\\/05\\\/cropped-logo-1-e1698968722965.jpeg\",\"contentUrl\":\"https:\\\/\\\/backelite-store.com\\\/wp-content\\\/uploads\\\/2022\\\/05\\\/cropped-logo-1-e1698968722965.jpeg\",\"width\":1920,\"height\":451,\"caption\":\"backelite-store.com\"},\"image\":{\"@id\":\"https:\\\/\\\/backelite-store.com\\\/#\\\/schema\\\/logo\\\/image\\\/\"},\"sameAs\":[\"https:\\\/\\\/www.facebook.com\\\/profile.php?id=100081791915055\",\"https:\\\/\\\/instagram.com\\\/back.elite\"]}]}<\/script>\n<!-- \/ Yoast SEO plugin. -->","yoast_head_json":{"title":"Fuzz Face Hendrix Mod - backelite-store.com","robots":{"index":"index","follow":"follow","max-snippet":"max-snippet:-1","max-image-preview":"max-image-preview:large","max-video-preview":"max-video-preview:-1"},"canonical":"https:\/\/backelite-store.com\/en\/shop\/fuzz-face-hendrix-mod\/","og_locale":"en_US","og_type":"article","og_title":"Fuzz Face Hendrix Mod - backelite-store.com","og_description":"Une Fuzz Face germanium implant\u00e9e sur le circuit d&rsquo;origine avec des composants NOS et des transistors germaniums sovi\u00e9tiques GT402b. Les valeurs des composants sont celles utilis\u00e9es par Roger Mayer pour sa modification de la Fuzz Face destin\u00e9e \u00e0 Jimi Hendrix. &nbsp;","og_url":"https:\/\/backelite-store.com\/en\/shop\/fuzz-face-hendrix-mod\/","og_site_name":"backelite-store.com","article_publisher":"https:\/\/www.facebook.com\/profile.php?id=100081791915055","article_modified_time":"2024-06-13T11:35:11+00:00","og_image":[{"width":1920,"height":1920,"url":"https:\/\/backelite-store.com\/wp-content\/uploads\/2024\/06\/IMG_20240411_153144_827-01.jpeg","type":"image\/jpeg"}],"twitter_card":"summary_large_image","twitter_misc":{"Est. reading time":"1 minute"},"schema":{"@context":"https:\/\/schema.org","@graph":[{"@type":"WebPage","@id":"https:\/\/backelite-store.com\/shop\/fuzz-face-hendrix-mod\/","url":"https:\/\/backelite-store.com\/shop\/fuzz-face-hendrix-mod\/","name":"Fuzz Face Hendrix Mod - backelite-store.com","isPartOf":{"@id":"https:\/\/backelite-store.com\/#website"},"primaryImageOfPage":{"@id":"https:\/\/backelite-store.com\/shop\/fuzz-face-hendrix-mod\/#primaryimage"},"image":{"@id":"https:\/\/backelite-store.com\/shop\/fuzz-face-hendrix-mod\/#primaryimage"},"thumbnailUrl":"https:\/\/backelite-store.com\/wp-content\/uploads\/2024\/06\/IMG_20240411_153144_827-01.jpeg","datePublished":"2024-06-13T00:46:39+00:00","dateModified":"2024-06-13T11:35:11+00:00","breadcrumb":{"@id":"https:\/\/backelite-store.com\/shop\/fuzz-face-hendrix-mod\/#breadcrumb"},"inLanguage":"en-US","potentialAction":[{"@type":"ReadAction","target":["https:\/\/backelite-store.com\/shop\/fuzz-face-hendrix-mod\/"]}]},{"@type":"ImageObject","inLanguage":"en-US","@id":"https:\/\/backelite-store.com\/shop\/fuzz-face-hendrix-mod\/#primaryimage","url":"https:\/\/backelite-store.com\/wp-content\/uploads\/2024\/06\/IMG_20240411_153144_827-01.jpeg","contentUrl":"https:\/\/backelite-store.com\/wp-content\/uploads\/2024\/06\/IMG_20240411_153144_827-01.jpeg","width":1920,"height":1920},{"@type":"BreadcrumbList","@id":"https:\/\/backelite-store.com\/shop\/fuzz-face-hendrix-mod\/#breadcrumb","itemListElement":[{"@type":"ListItem","position":1,"name":"Accueil","item":"https:\/\/backelite-store.com\/"},{"@type":"ListItem","position":2,"name":"Boutique","item":"https:\/\/backelite-store.com\/shop\/"},{"@type":"ListItem","position":3,"name":"Fuzz Face Hendrix Mod"}]},{"@type":"WebSite","@id":"https:\/\/backelite-store.com\/#website","url":"https:\/\/backelite-store.com\/","name":"backelite-store.com","description":"BackElite Boutique Pedals","publisher":{"@id":"https:\/\/backelite-store.com\/#organization"},"potentialAction":[{"@type":"SearchAction","target":{"@type":"EntryPoint","urlTemplate":"https:\/\/backelite-store.com\/?s={search_term_string}"},"query-input":{"@type":"PropertyValueSpecification","valueRequired":true,"valueName":"search_term_string"}}],"inLanguage":"en-US"},{"@type":"Organization","@id":"https:\/\/backelite-store.com\/#organization","name":"backelite-store.com","url":"https:\/\/backelite-store.com\/","logo":{"@type":"ImageObject","inLanguage":"en-US","@id":"https:\/\/backelite-store.com\/#\/schema\/logo\/image\/","url":"https:\/\/backelite-store.com\/wp-content\/uploads\/2022\/05\/cropped-logo-1-e1698968722965.jpeg","contentUrl":"https:\/\/backelite-store.com\/wp-content\/uploads\/2022\/05\/cropped-logo-1-e1698968722965.jpeg","width":1920,"height":451,"caption":"backelite-store.com"},"image":{"@id":"https:\/\/backelite-store.com\/#\/schema\/logo\/image\/"},"sameAs":["https:\/\/www.facebook.com\/profile.php?id=100081791915055","https:\/\/instagram.com\/back.elite"]}]}},"jetpack_sharing_enabled":true,"_links":{"self":[{"href":"https:\/\/backelite-store.com\/en\/wp-json\/wp\/v2\/product\/1109","targetHints":{"allow":["GET"]}}],"collection":[{"href":"https:\/\/backelite-store.com\/en\/wp-json\/wp\/v2\/product"}],"about":[{"href":"https:\/\/backelite-store.com\/en\/wp-json\/wp\/v2\/types\/product"}],"replies":[{"embeddable":true,"href":"https:\/\/backelite-store.com\/en\/wp-json\/wp\/v2\/comments?post=1109"}],"wp:featuredmedia":[{"embeddable":true,"href":"https:\/\/backelite-store.com\/en\/wp-json\/wp\/v2\/media\/1110"}],"wp:attachment":[{"href":"https:\/\/backelite-store.com\/en\/wp-json\/wp\/v2\/media?parent=1109"}],"wp:term":[{"taxonomy":"product_brand","embeddable":true,"href":"https:\/\/backelite-store.com\/en\/wp-json\/wp\/v2\/product_brand?post=1109"},{"taxonomy":"product_cat","embeddable":true,"href":"https:\/\/backelite-store.com\/en\/wp-json\/wp\/v2\/product_cat?post=1109"},{"taxonomy":"product_tag","embeddable":true,"href":"https:\/\/backelite-store.com\/en\/wp-json\/wp\/v2\/product_tag?post=1109"}],"curies":[{"name":"wp","href":"https:\/\/api.w.org\/{rel}","templated":true}]}}