{"id":1108,"date":"2024-06-13T01:21:03","date_gmt":"2024-06-13T00:21:03","guid":{"rendered":"https:\/\/backelite-store.com\/?post_type=product&#038;p=1108"},"modified":"2024-06-16T07:53:02","modified_gmt":"2024-06-16T06:53:02","slug":"shaitaan-une-fuzz-hybride-germanium-silicium","status":"publish","type":"product","link":"https:\/\/backelite-store.com\/en\/shop\/shaitaan-une-fuzz-hybride-germanium-silicium\/","title":{"rendered":"Shaitaan !"},"content":{"rendered":"<p>Une Fuzz hybride germanium\/silicium qui envoie un graou fantastique.<\/p>\n<p>Comment est n\u00e9e cette p\u00e9dale d&rsquo;effets ?<\/p>\n<p>Un ami musicien m&rsquo;a lanc\u00e9 sur la piste de la Peppermint Fuzz d&rsquo;Analogman.<\/p>\n<p>Quesako que cette fuzz l\u00e0 ? <\/p>\n<p>&#8230; Apr\u00e8s \u00e9tude il s&rsquo;av\u00e8re que c&rsquo;est une modification de la Fuzz Face standard, mont\u00e9e avec des transistors germanium \u00e0 tr\u00e8s haut gain (pour du germanium s&rsquo;entend): Q1 autour des 150 et Q2 autour des 260.<\/p>\n<p>\u00c0 ma connaissance, et j&rsquo;en ai test\u00e9 des centaines de germs, un tel gain est presque pathologique et ne va pas sans fuites \u00e9normes.<br \/>\nJe ne vais pas me lancer dans un cours d&rsquo;\u00e9lectronique, alors r\u00e9sumons ainsi: fuite <=> probl\u00e8me de stabilit\u00e9 du point de fonctionnement \/ sensibilit\u00e9 \u00e0 la temp\u00e9rature => Fuite augmente, probl\u00e8mes augmentent. Du genre 5mn de soleil sur sc\u00e8ne et hop, plus de son. Pas terrible.<\/p>\n<p>Et puis pas tr\u00e8s int\u00e9ressant de copier verbatim un coll\u00e8gue&#8230;<\/p>\n<p>Donc j&rsquo;ai cr\u00e9\u00e9 Shaitaan !<\/p>\n<p>Je conserve un transistors germanium avec un gain de 150 en Q1, et je compense sa fuite pour le stabiliser. En Q2 je place un transistor silicium de gain 260 dont j&rsquo;adoucis le son et je cr\u00e9e une fuite artificielle pour le rendre un peu moins stable (le silicium fuit infiniment moins que le germanium) histoire de lui donner un c\u00f4t\u00e9 chaotique&#8230;<br \/>\nJe sors le r\u00e9glage de la bias du bo\u00eetier afin de pouvoir jouer avec.<\/p>\n<p>Et \u00e0 mon sens le r\u00e9sultat est au top !\ud83d\udd25<br \/>\nPlein de Grrrrr&#8230; et certainement bien plus stable sur sc\u00e8ne que son inspiratrice.<\/p>","protected":false},"excerpt":{"rendered":"<p>Une Fuzz hybride germanium\/silicium qui envoie un graou fantastique. Comment est n\u00e9e cette p\u00e9dale d&rsquo;effets ? Un ami musicien m&rsquo;a lanc\u00e9 sur la piste de la Peppermint Fuzz d&rsquo;Analogman. Quesako que cette fuzz l\u00e0 ? &#8230; Apr\u00e8s \u00e9tude il s&rsquo;av\u00e8re que c&rsquo;est une modification de la Fuzz Face standard, mont\u00e9e avec des transistors germanium \u00e0 [&hellip;]<\/p>\n","protected":false},"featured_media":1104,"comment_status":"closed","ping_status":"closed","template":"","meta":[],"product_brand":[],"product_cat":[157,45,159],"product_tag":[156,46,158],"class_list":{"0":"post-1108","1":"product","2":"type-product","3":"status-publish","4":"has-post-thumbnail","6":"product_cat-basse","7":"product_cat-fuzz","8":"product_cat-guitare","9":"product_tag-bass","10":"product_tag-fuzz","11":"product_tag-guitare","13":"first","14":"instock","15":"shipping-taxable","16":"purchasable","17":"product-type-simple"},"yoast_head":"<!-- This site is optimized with the Yoast SEO plugin v27.3 - https:\/\/yoast.com\/product\/yoast-seo-wordpress\/ -->\n<title>Shaitaan ! - backelite-store.com<\/title>\n<meta name=\"description\" content=\"Une Fuzz hybride germanium\/silicium. Comment est n\u00e9e cette p\u00e9dale d&#039;effets ? Un ami musicien m&#039;a lanc\u00e9 sur la piste de la Peppermint Fuzz d&#039;Analogman...\" \/>\n<meta name=\"robots\" content=\"index, follow, max-snippet:-1, max-image-preview:large, max-video-preview:-1\" \/>\n<link rel=\"canonical\" href=\"https:\/\/backelite-store.com\/en\/shop\/shaitaan-une-fuzz-hybride-germanium-silicium\/\" \/>\n<meta property=\"og:locale\" content=\"en_US\" \/>\n<meta property=\"og:type\" content=\"article\" \/>\n<meta property=\"og:title\" content=\"Shaitaan ! - backelite-store.com\" \/>\n<meta property=\"og:description\" content=\"Une Fuzz hybride germanium\/silicium. Comment est n\u00e9e cette p\u00e9dale d&#039;effets ? Un ami musicien m&#039;a lanc\u00e9 sur la piste de la Peppermint Fuzz d&#039;Analogman...\" \/>\n<meta property=\"og:url\" content=\"https:\/\/backelite-store.com\/en\/shop\/shaitaan-une-fuzz-hybride-germanium-silicium\/\" \/>\n<meta property=\"og:site_name\" content=\"backelite-store.com\" \/>\n<meta property=\"article:publisher\" content=\"https:\/\/www.facebook.com\/profile.php?id=100081791915055\" \/>\n<meta property=\"article:modified_time\" content=\"2024-06-16T06:53:02+00:00\" \/>\n<meta property=\"og:image\" content=\"https:\/\/backelite-store.com\/wp-content\/uploads\/2024\/06\/4302024105521.jpg\" \/>\n\t<meta property=\"og:image:width\" content=\"1920\" \/>\n\t<meta property=\"og:image:height\" content=\"1920\" \/>\n\t<meta property=\"og:image:type\" content=\"image\/jpeg\" \/>\n<meta name=\"twitter:card\" content=\"summary_large_image\" \/>\n<meta name=\"twitter:label1\" content=\"Est. reading time\" \/>\n\t<meta name=\"twitter:data1\" content=\"1 minute\" \/>\n<script type=\"application\/ld+json\" class=\"yoast-schema-graph\">{\"@context\":\"https:\\\/\\\/schema.org\",\"@graph\":[{\"@type\":\"WebPage\",\"@id\":\"https:\\\/\\\/backelite-store.com\\\/shop\\\/shaitaan-une-fuzz-hybride-germanium-silicium\\\/\",\"url\":\"https:\\\/\\\/backelite-store.com\\\/shop\\\/shaitaan-une-fuzz-hybride-germanium-silicium\\\/\",\"name\":\"Shaitaan ! - backelite-store.com\",\"isPartOf\":{\"@id\":\"https:\\\/\\\/backelite-store.com\\\/#website\"},\"primaryImageOfPage\":{\"@id\":\"https:\\\/\\\/backelite-store.com\\\/shop\\\/shaitaan-une-fuzz-hybride-germanium-silicium\\\/#primaryimage\"},\"image\":{\"@id\":\"https:\\\/\\\/backelite-store.com\\\/shop\\\/shaitaan-une-fuzz-hybride-germanium-silicium\\\/#primaryimage\"},\"thumbnailUrl\":\"https:\\\/\\\/backelite-store.com\\\/wp-content\\\/uploads\\\/2024\\\/06\\\/4302024105521.jpg\",\"datePublished\":\"2024-06-13T00:21:03+00:00\",\"dateModified\":\"2024-06-16T06:53:02+00:00\",\"description\":\"Une Fuzz hybride germanium\\\/silicium. Comment est n\u00e9e cette p\u00e9dale d'effets ? Un ami musicien m'a lanc\u00e9 sur la piste de la Peppermint Fuzz d'Analogman...\",\"breadcrumb\":{\"@id\":\"https:\\\/\\\/backelite-store.com\\\/shop\\\/shaitaan-une-fuzz-hybride-germanium-silicium\\\/#breadcrumb\"},\"inLanguage\":\"en-US\",\"potentialAction\":[{\"@type\":\"ReadAction\",\"target\":[\"https:\\\/\\\/backelite-store.com\\\/shop\\\/shaitaan-une-fuzz-hybride-germanium-silicium\\\/\"]}]},{\"@type\":\"ImageObject\",\"inLanguage\":\"en-US\",\"@id\":\"https:\\\/\\\/backelite-store.com\\\/shop\\\/shaitaan-une-fuzz-hybride-germanium-silicium\\\/#primaryimage\",\"url\":\"https:\\\/\\\/backelite-store.com\\\/wp-content\\\/uploads\\\/2024\\\/06\\\/4302024105521.jpg\",\"contentUrl\":\"https:\\\/\\\/backelite-store.com\\\/wp-content\\\/uploads\\\/2024\\\/06\\\/4302024105521.jpg\",\"width\":1920,\"height\":1920},{\"@type\":\"BreadcrumbList\",\"@id\":\"https:\\\/\\\/backelite-store.com\\\/shop\\\/shaitaan-une-fuzz-hybride-germanium-silicium\\\/#breadcrumb\",\"itemListElement\":[{\"@type\":\"ListItem\",\"position\":1,\"name\":\"Accueil\",\"item\":\"https:\\\/\\\/backelite-store.com\\\/\"},{\"@type\":\"ListItem\",\"position\":2,\"name\":\"Boutique\",\"item\":\"https:\\\/\\\/backelite-store.com\\\/shop\\\/\"},{\"@type\":\"ListItem\",\"position\":3,\"name\":\"Shaitaan !\"}]},{\"@type\":\"WebSite\",\"@id\":\"https:\\\/\\\/backelite-store.com\\\/#website\",\"url\":\"https:\\\/\\\/backelite-store.com\\\/\",\"name\":\"backelite-store.com\",\"description\":\"BackElite Boutique Pedals\",\"publisher\":{\"@id\":\"https:\\\/\\\/backelite-store.com\\\/#organization\"},\"potentialAction\":[{\"@type\":\"SearchAction\",\"target\":{\"@type\":\"EntryPoint\",\"urlTemplate\":\"https:\\\/\\\/backelite-store.com\\\/?s={search_term_string}\"},\"query-input\":{\"@type\":\"PropertyValueSpecification\",\"valueRequired\":true,\"valueName\":\"search_term_string\"}}],\"inLanguage\":\"en-US\"},{\"@type\":\"Organization\",\"@id\":\"https:\\\/\\\/backelite-store.com\\\/#organization\",\"name\":\"backelite-store.com\",\"url\":\"https:\\\/\\\/backelite-store.com\\\/\",\"logo\":{\"@type\":\"ImageObject\",\"inLanguage\":\"en-US\",\"@id\":\"https:\\\/\\\/backelite-store.com\\\/#\\\/schema\\\/logo\\\/image\\\/\",\"url\":\"https:\\\/\\\/backelite-store.com\\\/wp-content\\\/uploads\\\/2022\\\/05\\\/cropped-logo-1-e1698968722965.jpeg\",\"contentUrl\":\"https:\\\/\\\/backelite-store.com\\\/wp-content\\\/uploads\\\/2022\\\/05\\\/cropped-logo-1-e1698968722965.jpeg\",\"width\":1920,\"height\":451,\"caption\":\"backelite-store.com\"},\"image\":{\"@id\":\"https:\\\/\\\/backelite-store.com\\\/#\\\/schema\\\/logo\\\/image\\\/\"},\"sameAs\":[\"https:\\\/\\\/www.facebook.com\\\/profile.php?id=100081791915055\",\"https:\\\/\\\/instagram.com\\\/back.elite\"]}]}<\/script>\n<!-- \/ Yoast SEO plugin. -->","yoast_head_json":{"title":"Shaitaan ! - backelite-store.com","description":"Une Fuzz hybride germanium\/silicium. Comment est n\u00e9e cette p\u00e9dale d'effets ? Un ami musicien m'a lanc\u00e9 sur la piste de la Peppermint Fuzz d'Analogman...","robots":{"index":"index","follow":"follow","max-snippet":"max-snippet:-1","max-image-preview":"max-image-preview:large","max-video-preview":"max-video-preview:-1"},"canonical":"https:\/\/backelite-store.com\/en\/shop\/shaitaan-une-fuzz-hybride-germanium-silicium\/","og_locale":"en_US","og_type":"article","og_title":"Shaitaan ! - backelite-store.com","og_description":"Une Fuzz hybride germanium\/silicium. Comment est n\u00e9e cette p\u00e9dale d'effets ? Un ami musicien m'a lanc\u00e9 sur la piste de la Peppermint Fuzz d'Analogman...","og_url":"https:\/\/backelite-store.com\/en\/shop\/shaitaan-une-fuzz-hybride-germanium-silicium\/","og_site_name":"backelite-store.com","article_publisher":"https:\/\/www.facebook.com\/profile.php?id=100081791915055","article_modified_time":"2024-06-16T06:53:02+00:00","og_image":[{"width":1920,"height":1920,"url":"https:\/\/backelite-store.com\/wp-content\/uploads\/2024\/06\/4302024105521.jpg","type":"image\/jpeg"}],"twitter_card":"summary_large_image","twitter_misc":{"Est. reading time":"1 minute"},"schema":{"@context":"https:\/\/schema.org","@graph":[{"@type":"WebPage","@id":"https:\/\/backelite-store.com\/shop\/shaitaan-une-fuzz-hybride-germanium-silicium\/","url":"https:\/\/backelite-store.com\/shop\/shaitaan-une-fuzz-hybride-germanium-silicium\/","name":"Shaitaan ! - backelite-store.com","isPartOf":{"@id":"https:\/\/backelite-store.com\/#website"},"primaryImageOfPage":{"@id":"https:\/\/backelite-store.com\/shop\/shaitaan-une-fuzz-hybride-germanium-silicium\/#primaryimage"},"image":{"@id":"https:\/\/backelite-store.com\/shop\/shaitaan-une-fuzz-hybride-germanium-silicium\/#primaryimage"},"thumbnailUrl":"https:\/\/backelite-store.com\/wp-content\/uploads\/2024\/06\/4302024105521.jpg","datePublished":"2024-06-13T00:21:03+00:00","dateModified":"2024-06-16T06:53:02+00:00","description":"Une Fuzz hybride germanium\/silicium. Comment est n\u00e9e cette p\u00e9dale d'effets ? Un ami musicien m'a lanc\u00e9 sur la piste de la Peppermint Fuzz d'Analogman...","breadcrumb":{"@id":"https:\/\/backelite-store.com\/shop\/shaitaan-une-fuzz-hybride-germanium-silicium\/#breadcrumb"},"inLanguage":"en-US","potentialAction":[{"@type":"ReadAction","target":["https:\/\/backelite-store.com\/shop\/shaitaan-une-fuzz-hybride-germanium-silicium\/"]}]},{"@type":"ImageObject","inLanguage":"en-US","@id":"https:\/\/backelite-store.com\/shop\/shaitaan-une-fuzz-hybride-germanium-silicium\/#primaryimage","url":"https:\/\/backelite-store.com\/wp-content\/uploads\/2024\/06\/4302024105521.jpg","contentUrl":"https:\/\/backelite-store.com\/wp-content\/uploads\/2024\/06\/4302024105521.jpg","width":1920,"height":1920},{"@type":"BreadcrumbList","@id":"https:\/\/backelite-store.com\/shop\/shaitaan-une-fuzz-hybride-germanium-silicium\/#breadcrumb","itemListElement":[{"@type":"ListItem","position":1,"name":"Accueil","item":"https:\/\/backelite-store.com\/"},{"@type":"ListItem","position":2,"name":"Boutique","item":"https:\/\/backelite-store.com\/shop\/"},{"@type":"ListItem","position":3,"name":"Shaitaan !"}]},{"@type":"WebSite","@id":"https:\/\/backelite-store.com\/#website","url":"https:\/\/backelite-store.com\/","name":"backelite-store.com","description":"BackElite Boutique Pedals","publisher":{"@id":"https:\/\/backelite-store.com\/#organization"},"potentialAction":[{"@type":"SearchAction","target":{"@type":"EntryPoint","urlTemplate":"https:\/\/backelite-store.com\/?s={search_term_string}"},"query-input":{"@type":"PropertyValueSpecification","valueRequired":true,"valueName":"search_term_string"}}],"inLanguage":"en-US"},{"@type":"Organization","@id":"https:\/\/backelite-store.com\/#organization","name":"backelite-store.com","url":"https:\/\/backelite-store.com\/","logo":{"@type":"ImageObject","inLanguage":"en-US","@id":"https:\/\/backelite-store.com\/#\/schema\/logo\/image\/","url":"https:\/\/backelite-store.com\/wp-content\/uploads\/2022\/05\/cropped-logo-1-e1698968722965.jpeg","contentUrl":"https:\/\/backelite-store.com\/wp-content\/uploads\/2022\/05\/cropped-logo-1-e1698968722965.jpeg","width":1920,"height":451,"caption":"backelite-store.com"},"image":{"@id":"https:\/\/backelite-store.com\/#\/schema\/logo\/image\/"},"sameAs":["https:\/\/www.facebook.com\/profile.php?id=100081791915055","https:\/\/instagram.com\/back.elite"]}]}},"jetpack_sharing_enabled":true,"_links":{"self":[{"href":"https:\/\/backelite-store.com\/en\/wp-json\/wp\/v2\/product\/1108","targetHints":{"allow":["GET"]}}],"collection":[{"href":"https:\/\/backelite-store.com\/en\/wp-json\/wp\/v2\/product"}],"about":[{"href":"https:\/\/backelite-store.com\/en\/wp-json\/wp\/v2\/types\/product"}],"replies":[{"embeddable":true,"href":"https:\/\/backelite-store.com\/en\/wp-json\/wp\/v2\/comments?post=1108"}],"wp:featuredmedia":[{"embeddable":true,"href":"https:\/\/backelite-store.com\/en\/wp-json\/wp\/v2\/media\/1104"}],"wp:attachment":[{"href":"https:\/\/backelite-store.com\/en\/wp-json\/wp\/v2\/media?parent=1108"}],"wp:term":[{"taxonomy":"product_brand","embeddable":true,"href":"https:\/\/backelite-store.com\/en\/wp-json\/wp\/v2\/product_brand?post=1108"},{"taxonomy":"product_cat","embeddable":true,"href":"https:\/\/backelite-store.com\/en\/wp-json\/wp\/v2\/product_cat?post=1108"},{"taxonomy":"product_tag","embeddable":true,"href":"https:\/\/backelite-store.com\/en\/wp-json\/wp\/v2\/product_tag?post=1108"}],"curies":[{"name":"wp","href":"https:\/\/api.w.org\/{rel}","templated":true}]}}