{"id":92,"date":"2022-05-18T18:36:51","date_gmt":"2022-05-18T17:36:51","guid":{"rendered":"https:\/\/backelite-store.com\/?page_id=92"},"modified":"2022-10-17T19:22:36","modified_gmt":"2022-10-17T18:22:36","slug":"privacy-policy-2","status":"publish","type":"page","link":"https:\/\/backelite-store.com\/en\/privacy-policy-2\/","title":{"rendered":"Privacy Policy"},"content":{"rendered":"<p class=\"has-text-align-justify\">Votre vie priv\u00e9e est importante pour nous. La politique de Backelite Boutique Pedals est de respecter votre vie priv\u00e9e et de se conformer \u00e0 toute loi et r\u00e9glementation applicable concernant les informations personnelles que nous pouvons recueillir \u00e0 votre sujet, y compris sur notre site Web, https:\/\/backelite-store.com, et d&rsquo;autres sites que nous poss\u00e9dons et exploitons.<\/p>\n\n\n\n<p class=\"has-text-align-justify\">Cette politique est en vigueur \u00e0 partir du 18 mai 2022 et a \u00e9t\u00e9 mise \u00e0 jour pour la derni\u00e8re fois le 18 mai 2022.<\/p>\n\n\n\n<h3 class=\"wp-block-heading\">Informations que nous recueillons<\/h3>\n\n\n\n<p class=\"has-text-align-justify\">Les informations que nous recueillons comprennent \u00e0 la fois les informations que vous nous fournissez sciemment et activement lorsque vous utilisez ou participez \u00e0 l&rsquo;un de nos services et promotions, et toute information envoy\u00e9e automatiquement par vos appareils lors de l&rsquo;acc\u00e8s \u00e0 nos produits et services.<\/p>\n\n\n\n<h4 class=\"wp-block-heading\">Donn\u00e9es d&rsquo;enregistrement<\/h4>\n\n\n\n<p class=\"has-text-align-justify\">Lorsque vous visitez notre site web, nos serveurs peuvent enregistrer automatiquement les donn\u00e9es standard fournies par votre navigateur web. Il peut s&rsquo;agir de l&rsquo;adresse IP (Internet Protocol) de votre appareil, du type et de la version de votre navigateur, des pages que vous visitez, de l&rsquo;heure et de la date de votre visite, du temps pass\u00e9 sur chaque page, d&rsquo;autres d\u00e9tails sur votre visite et des d\u00e9tails techniques qui se produisent en m\u00eame temps que les erreurs que vous pouvez rencontrer.<\/p>\n\n\n\n<p class=\"has-text-align-justify\">Veuillez noter que, m\u00eame si ces informations ne permettent pas d&rsquo;identifier une personne en soi, il peut \u00eatre possible de les combiner avec d&rsquo;autres donn\u00e9es pour identifier des personnes individuelles.<\/p>\n\n\n\n<h4 class=\"wp-block-heading\">Collecte et utilisation des informations<\/h4>\n\n\n\n<p class=\"has-text-align-justify\">Nous pouvons recueillir des informations personnelles lorsque vous effectuez l&rsquo;une des op\u00e9rations suivantes sur notre site web :<\/p>\n\n\n\n<ul class=\"wp-block-list\"><li>Utiliser un appareil mobile ou un navigateur web pour acc\u00e9der \u00e0 notre contenu<\/li><li>Contact par courriel, sur les m\u00e9dias sociaux ou sur toute autre technologie similaire.<\/li><li>Lorsque vous nous mentionnez sur les m\u00e9dias sociaux<\/li><\/ul>\n\n\n\n<p class=\"has-text-align-justify\">Nous pouvons recueillir, conserver, utiliser et divulguer des informations aux fins suivantes, et les informations personnelles ne seront pas trait\u00e9es ult\u00e9rieurement d&rsquo;une mani\u00e8re incompatible avec ces objectifs :<\/p>\n\n\n\n<p class=\"has-text-align-justify\">Sachez que nous pouvons combiner les informations que nous recueillons \u00e0 votre sujet avec des informations g\u00e9n\u00e9rales ou des donn\u00e9es de recherche que nous recevons d&rsquo;autres sources fiables.<\/p>\n\n\n\n<h4 class=\"wp-block-heading\">S\u00e9curit\u00e9 de vos informations personnelles<\/h4>\n\n\n\n<p class=\"has-text-align-justify\">Lorsque nous recueillons et traitons des informations personnelles, et pendant que nous conservons ces informations, nous les prot\u00e9geons par des moyens commercialement acceptables pour \u00e9viter la perte et le vol, ainsi que l&rsquo;acc\u00e8s, la divulgation, la copie, l&rsquo;utilisation ou la modification non autoris\u00e9s.<\/p>\n\n\n\n<p class=\"has-text-align-justify\">Bien que nous fassions de notre mieux pour prot\u00e9ger les informations personnelles que vous nous fournissez, nous vous informons qu&rsquo;aucune m\u00e9thode de transmission ou de stockage \u00e9lectronique n&rsquo;est s\u00fbre \u00e0 100 % et que personne ne peut garantir une s\u00e9curit\u00e9 absolue des donn\u00e9es. Nous nous conformerons aux lois qui nous sont applicables en ce qui concerne toute violation de donn\u00e9es.<\/p>\n\n\n\n<p class=\"has-text-align-justify\">Vous \u00eates responsable du choix de tout mot de passe et de son niveau de s\u00e9curit\u00e9 global, garantissant la s\u00e9curit\u00e9 de vos propres informations dans les limites de nos services.<\/p>\n\n\n\n<h4 class=\"wp-block-heading\">Combien de temps nous conservons vos informations personnelles<\/h4>\n\n\n\n<p class=\"has-text-align-justify\">Nous ne conservons vos informations personnelles qu&rsquo;aussi longtemps que nous en avons besoin. Cette p\u00e9riode peut d\u00e9pendre de l&rsquo;usage que nous faisons de vos informations, conform\u00e9ment \u00e0 la pr\u00e9sente politique de confidentialit\u00e9. Si vos informations personnelles ne sont plus n\u00e9cessaires, nous les supprimerons ou les rendrons anonymes en supprimant tous les d\u00e9tails permettant de vous identifier.<\/p>\n\n\n\n<p class=\"has-text-align-justify\">Toutefois, si n\u00e9cessaire, nous pouvons conserver vos informations personnelles pour nous conformer \u00e0 une obligation l\u00e9gale, comptable ou de rapport, ou \u00e0 des fins d&rsquo;archivage dans l&rsquo;int\u00e9r\u00eat public, \u00e0 des fins de recherche scientifique ou historique ou \u00e0 des fins statistiques.<\/p>\n\n\n\n<h3 class=\"wp-block-heading\">Protection de la vie priv\u00e9e des enfants<\/h3>\n\n\n\n<p class=\"has-text-align-justify\">Nos produits et services ne s&rsquo;adressent pas directement aux enfants de moins de 13 ans, et nous ne recueillons pas sciemment d&rsquo;informations personnelles sur des enfants de moins de 13 ans.<\/p>\n\n\n\n<h3 class=\"wp-block-heading\">Divulgation d&rsquo;informations personnelles \u00e0 des tiers<\/h3>\n\n\n\n<p class=\"has-text-align-justify\">Nous pouvons divulguer des informations personnelles \u00e0 :<\/p>\n\n\n\n<ul class=\"wp-block-list\"><li>une soci\u00e9t\u00e9 m\u00e8re, une filiale ou une soci\u00e9t\u00e9 affili\u00e9e de notre soci\u00e9t\u00e9<\/li><li>des prestataires de services tiers afin de leur permettre de fournir leurs services, par exemple des prestataires de services informatiques, des fournisseurs de stockage de donn\u00e9es, d&rsquo;h\u00e9bergement et de serveurs, des annonceurs ou des plateformes d&rsquo;analyse.<\/li><li>nos employ\u00e9s, contractants et\/ou entit\u00e9s li\u00e9es<\/li><li>nos agents ou partenaires commerciaux existants ou potentiels<\/li><li>les sponsors ou promoteurs de tout concours, loterie ou promotion que nous organisons.<\/li><li>les cours, les tribunaux, les autorit\u00e9s r\u00e9glementaires et les agents charg\u00e9s de l&rsquo;application de la loi, comme l&rsquo;exige la loi, dans le cadre de toute proc\u00e9dure judiciaire actuelle ou future, ou afin d&rsquo;\u00e9tablir, d&rsquo;exercer ou de d\u00e9fendre nos droits l\u00e9gaux<\/li><li>des tiers, y compris des agents ou des sous-traitants, qui nous aident \u00e0 vous fournir des informations, des produits, des services ou des actions de marketing direct des tiers pour la collecte et le traitement des donn\u00e9es<\/li><\/ul>\n\n\n\n<h3 class=\"wp-block-heading\">Transferts internationaux d&rsquo;informations personnelles<\/h3>\n\n\n\n<p>Les informations personnelles que nous recueillons sont stock\u00e9es et\/ou trait\u00e9es dans les locaux que nous ou nos partenaires, soci\u00e9t\u00e9s affili\u00e9es et fournisseurs tiers poss\u00e9dons. Sachez que les lieux vers lesquels nous stockons, traitons ou transf\u00e9rons vos informations personnelles peuvent ne pas avoir les m\u00eames lois de protection des donn\u00e9es que le pays dans lequel vous avez initialement fourni les informations. Si nous transf\u00e9rons vos informations personnelles \u00e0 des tiers dans d&rsquo;autres pays : (i) nous effectuerons ces transferts conform\u00e9ment aux exigences de la loi applicable ; et (ii) nous prot\u00e9gerons les informations personnelles transf\u00e9r\u00e9es conform\u00e9ment \u00e0 la pr\u00e9sente politique de confidentialit\u00e9.<\/p>\n\n\n\n<h3 class=\"wp-block-heading\">Vos droits et le contr\u00f4le de vos informations personnelles<\/h3>\n\n\n\n<p class=\"has-text-align-justify\">Vous conservez toujours le droit de refuser de nous communiquer des informations personnelles, \u00e9tant entendu que votre exp\u00e9rience de notre site web peut en \u00eatre affect\u00e9e. Nous ne ferons aucune discrimination \u00e0 votre encontre pour avoir exerc\u00e9 l&rsquo;un de vos droits sur vos informations personnelles. Si vous nous fournissez des informations personnelles, vous comprenez que nous les collecterons, les conserverons, les utiliserons et les divulguerons conform\u00e9ment \u00e0 la pr\u00e9sente politique de confidentialit\u00e9. Vous conservez le droit de demander des d\u00e9tails sur les informations personnelles que nous d\u00e9tenons \u00e0 votre sujet.<\/p>\n\n\n\n<p class=\"has-text-align-justify\">Si nous recevons des informations personnelles vous concernant de la part d&rsquo;un tiers, nous les prot\u00e9gerons comme indiqu\u00e9 dans la pr\u00e9sente politique de confidentialit\u00e9. Si vous \u00eates un tiers fournissant des informations personnelles sur une autre personne, vous d\u00e9clarez et garantissez que vous avez le consentement de cette personne pour nous fournir ces informations personnelles.<\/p>\n\n\n\n<p class=\"has-text-align-justify\">Si vous avez pr\u00e9c\u00e9demment accept\u00e9 que nous utilisions vos informations personnelles \u00e0 des fins de marketing direct, vous pouvez changer d&rsquo;avis \u00e0 tout moment. Nous vous donnerons la possibilit\u00e9 de vous d\u00e9sinscrire de notre base de donn\u00e9es de courriers \u00e9lectroniques ou de ne plus recevoir de communications. Sachez que nous pouvons \u00eatre amen\u00e9s \u00e0 vous demander des informations sp\u00e9cifiques pour nous aider \u00e0 confirmer votre identit\u00e9.<\/p>\n\n\n\n<p class=\"has-text-align-justify\">Si vous pensez que les informations que nous d\u00e9tenons \u00e0 votre sujet sont inexactes, p\u00e9rim\u00e9es, incompl\u00e8tes, non pertinentes ou trompeuses, veuillez nous contacter en utilisant les coordonn\u00e9es fournies dans cette politique de confidentialit\u00e9. Nous prendrons des mesures raisonnables pour corriger toute information jug\u00e9e inexacte, incompl\u00e8te, trompeuse ou obsol\u00e8te.<\/p>\n\n\n\n<p class=\"has-text-align-justify\">Si vous pensez que nous avons enfreint une loi sur la protection des donn\u00e9es et que vous souhaitez d\u00e9poser une plainte, veuillez nous contacter en utilisant les coordonn\u00e9es ci-dessous et nous fournir tous les d\u00e9tails de l&rsquo;infraction pr\u00e9sum\u00e9e. Nous examinerons rapidement votre plainte et vous r\u00e9pondrons, par \u00e9crit, en exposant le r\u00e9sultat de notre enqu\u00eate et les mesures que nous prendrons pour traiter votre plainte. Vous avez \u00e9galement le droit de contacter un organisme de r\u00e9glementation ou une autorit\u00e9 charg\u00e9e de la protection des donn\u00e9es au sujet de votre plainte.<\/p>\n\n\n\n<h3 class=\"wp-block-heading\">Utilisation des cookies<\/h3>\n\n\n\n<p class=\"has-text-align-justify\">Nous utilisons des \u00ab\u00a0cookies\u00a0\u00bb pour recueillir des informations sur vous et votre activit\u00e9 sur notre site. Un cookie est un petit \u00e9l\u00e9ment de donn\u00e9es que notre site Web stocke sur votre ordinateur et auquel il acc\u00e8de \u00e0 chaque visite, afin que nous puissions comprendre comment vous utilisez notre site. Cela nous aide \u00e0 vous proposer un contenu bas\u00e9 sur les pr\u00e9f\u00e9rences que vous avez sp\u00e9cifi\u00e9es.<\/p>\n\n\n\n<h3 class=\"wp-block-heading\">Limites de notre politique<\/h3>\n\n\n\n<p class=\"has-text-align-justify\">Notre site web peut contenir des liens vers des sites externes qui ne sont pas exploit\u00e9s par nous. Sachez que nous n&rsquo;avons aucun contr\u00f4le sur le contenu et les politiques de ces sites, et que nous ne pouvons accepter la responsabilit\u00e9 de leurs pratiques respectives en mati\u00e8re de confidentialit\u00e9.<\/p>\n\n\n\n<h3 class=\"wp-block-heading\">Modifications de la pr\u00e9sente politique<\/h3>\n\n\n\n<p class=\"has-text-align-justify\">\u00c0 notre discr\u00e9tion, nous pouvons modifier notre politique de confidentialit\u00e9 pour refl\u00e9ter les mises \u00e0 jour de nos processus commerciaux, les pratiques acceptables actuelles ou les modifications l\u00e9gislatives ou r\u00e9glementaires. Si nous d\u00e9cidons de modifier cette politique de confidentialit\u00e9, nous publierons les modifications sur le m\u00eame lien que celui par lequel vous acc\u00e9dez \u00e0 cette politique de confidentialit\u00e9.<\/p>\n\n\n\n<p class=\"has-text-align-justify\">Si la loi l&rsquo;exige, nous obtiendrons votre autorisation ou vous donnerons la possibilit\u00e9 d&rsquo;accepter ou de refuser, selon le cas, toute nouvelle utilisation de vos informations personnelles.<\/p>\n\n\n\n<h3 class=\"wp-block-heading\">Nous contacter<\/h3>\n\n\n\n<p class=\"has-text-align-justify\">Pour toute question ou pr\u00e9occupation concernant votre vie priv\u00e9e, vous pouvez nous contacter en utilisant les coordonn\u00e9es suivantes :<br>vincemoon33 at gmail.com<\/p>","protected":false},"excerpt":{"rendered":"<p>Votre vie priv\u00e9e est importante pour nous. La politique de Backelite Boutique Pedals est de respecter votre vie priv\u00e9e et de se conformer \u00e0 toute loi et r\u00e9glementation applicable concernant les informations personnelles que nous pouvons recueillir \u00e0 votre sujet, y compris sur notre site Web, https:\/\/backelite-store.com, et d&rsquo;autres sites que nous poss\u00e9dons et exploitons. [&hellip;]<\/p>\n","protected":false},"author":1,"featured_media":0,"parent":0,"menu_order":0,"comment_status":"closed","ping_status":"closed","template":"","meta":{"footnotes":""},"class_list":["post-92","page","type-page","status-publish","hentry"],"yoast_head":"<!-- This site is optimized with the Yoast SEO plugin v27.4 - https:\/\/yoast.com\/product\/yoast-seo-wordpress\/ -->\n<title>Politique de confidentialit\u00e9 - backelite-store.com<\/title>\n<meta name=\"robots\" content=\"index, follow, max-snippet:-1, max-image-preview:large, max-video-preview:-1\" \/>\n<link rel=\"canonical\" href=\"https:\/\/backelite-store.com\/en\/privacy-policy-2\/\" \/>\n<meta property=\"og:locale\" content=\"en_US\" \/>\n<meta property=\"og:type\" content=\"article\" \/>\n<meta property=\"og:title\" content=\"Politique de confidentialit\u00e9 - backelite-store.com\" \/>\n<meta property=\"og:description\" content=\"Votre vie priv\u00e9e est importante pour nous. La politique de Backelite Boutique Pedals est de respecter votre vie priv\u00e9e et de se conformer \u00e0 toute loi et r\u00e9glementation applicable concernant les informations personnelles que nous pouvons recueillir \u00e0 votre sujet, y compris sur notre site Web, https:\/\/backelite-store.com, et d&rsquo;autres sites que nous poss\u00e9dons et exploitons. [&hellip;]\" \/>\n<meta property=\"og:url\" content=\"https:\/\/backelite-store.com\/en\/privacy-policy-2\/\" \/>\n<meta property=\"og:site_name\" content=\"backelite-store.com\" \/>\n<meta property=\"article:publisher\" content=\"https:\/\/www.facebook.com\/profile.php?id=100081791915055\" \/>\n<meta property=\"article:modified_time\" content=\"2022-10-17T18:22:36+00:00\" \/>\n<meta name=\"twitter:card\" content=\"summary_large_image\" \/>\n<meta name=\"twitter:label1\" content=\"Est. reading time\" \/>\n\t<meta name=\"twitter:data1\" content=\"8 minutes\" \/>\n<script type=\"application\/ld+json\" class=\"yoast-schema-graph\">{\"@context\":\"https:\\\/\\\/schema.org\",\"@graph\":[{\"@type\":\"WebPage\",\"@id\":\"https:\\\/\\\/backelite-store.com\\\/privacy-policy-2\\\/\",\"url\":\"https:\\\/\\\/backelite-store.com\\\/privacy-policy-2\\\/\",\"name\":\"Politique de confidentialit\u00e9 - backelite-store.com\",\"isPartOf\":{\"@id\":\"https:\\\/\\\/backelite-store.com\\\/#website\"},\"datePublished\":\"2022-05-18T17:36:51+00:00\",\"dateModified\":\"2022-10-17T18:22:36+00:00\",\"breadcrumb\":{\"@id\":\"https:\\\/\\\/backelite-store.com\\\/privacy-policy-2\\\/#breadcrumb\"},\"inLanguage\":\"en-US\",\"potentialAction\":[{\"@type\":\"ReadAction\",\"target\":[\"https:\\\/\\\/backelite-store.com\\\/privacy-policy-2\\\/\"]}]},{\"@type\":\"BreadcrumbList\",\"@id\":\"https:\\\/\\\/backelite-store.com\\\/privacy-policy-2\\\/#breadcrumb\",\"itemListElement\":[{\"@type\":\"ListItem\",\"position\":1,\"name\":\"Accueil\",\"item\":\"https:\\\/\\\/backelite-store.com\\\/\"},{\"@type\":\"ListItem\",\"position\":2,\"name\":\"Politique de confidentialit\u00e9\"}]},{\"@type\":\"WebSite\",\"@id\":\"https:\\\/\\\/backelite-store.com\\\/#website\",\"url\":\"https:\\\/\\\/backelite-store.com\\\/\",\"name\":\"backelite-store.com\",\"description\":\"BackElite Boutique Pedals\",\"publisher\":{\"@id\":\"https:\\\/\\\/backelite-store.com\\\/#organization\"},\"potentialAction\":[{\"@type\":\"SearchAction\",\"target\":{\"@type\":\"EntryPoint\",\"urlTemplate\":\"https:\\\/\\\/backelite-store.com\\\/?s={search_term_string}\"},\"query-input\":{\"@type\":\"PropertyValueSpecification\",\"valueRequired\":true,\"valueName\":\"search_term_string\"}}],\"inLanguage\":\"en-US\"},{\"@type\":\"Organization\",\"@id\":\"https:\\\/\\\/backelite-store.com\\\/#organization\",\"name\":\"backelite-store.com\",\"url\":\"https:\\\/\\\/backelite-store.com\\\/\",\"logo\":{\"@type\":\"ImageObject\",\"inLanguage\":\"en-US\",\"@id\":\"https:\\\/\\\/backelite-store.com\\\/#\\\/schema\\\/logo\\\/image\\\/\",\"url\":\"https:\\\/\\\/backelite-store.com\\\/wp-content\\\/uploads\\\/2022\\\/05\\\/cropped-logo-1-e1698968722965.jpeg\",\"contentUrl\":\"https:\\\/\\\/backelite-store.com\\\/wp-content\\\/uploads\\\/2022\\\/05\\\/cropped-logo-1-e1698968722965.jpeg\",\"width\":1920,\"height\":451,\"caption\":\"backelite-store.com\"},\"image\":{\"@id\":\"https:\\\/\\\/backelite-store.com\\\/#\\\/schema\\\/logo\\\/image\\\/\"},\"sameAs\":[\"https:\\\/\\\/www.facebook.com\\\/profile.php?id=100081791915055\",\"https:\\\/\\\/instagram.com\\\/back.elite\"]}]}<\/script>\n<!-- \/ Yoast SEO plugin. -->","yoast_head_json":{"title":"Politique de confidentialit\u00e9 - backelite-store.com","robots":{"index":"index","follow":"follow","max-snippet":"max-snippet:-1","max-image-preview":"max-image-preview:large","max-video-preview":"max-video-preview:-1"},"canonical":"https:\/\/backelite-store.com\/en\/privacy-policy-2\/","og_locale":"en_US","og_type":"article","og_title":"Politique de confidentialit\u00e9 - backelite-store.com","og_description":"Votre vie priv\u00e9e est importante pour nous. La politique de Backelite Boutique Pedals est de respecter votre vie priv\u00e9e et de se conformer \u00e0 toute loi et r\u00e9glementation applicable concernant les informations personnelles que nous pouvons recueillir \u00e0 votre sujet, y compris sur notre site Web, https:\/\/backelite-store.com, et d&rsquo;autres sites que nous poss\u00e9dons et exploitons. [&hellip;]","og_url":"https:\/\/backelite-store.com\/en\/privacy-policy-2\/","og_site_name":"backelite-store.com","article_publisher":"https:\/\/www.facebook.com\/profile.php?id=100081791915055","article_modified_time":"2022-10-17T18:22:36+00:00","twitter_card":"summary_large_image","twitter_misc":{"Est. reading time":"8 minutes"},"schema":{"@context":"https:\/\/schema.org","@graph":[{"@type":"WebPage","@id":"https:\/\/backelite-store.com\/privacy-policy-2\/","url":"https:\/\/backelite-store.com\/privacy-policy-2\/","name":"Politique de confidentialit\u00e9 - backelite-store.com","isPartOf":{"@id":"https:\/\/backelite-store.com\/#website"},"datePublished":"2022-05-18T17:36:51+00:00","dateModified":"2022-10-17T18:22:36+00:00","breadcrumb":{"@id":"https:\/\/backelite-store.com\/privacy-policy-2\/#breadcrumb"},"inLanguage":"en-US","potentialAction":[{"@type":"ReadAction","target":["https:\/\/backelite-store.com\/privacy-policy-2\/"]}]},{"@type":"BreadcrumbList","@id":"https:\/\/backelite-store.com\/privacy-policy-2\/#breadcrumb","itemListElement":[{"@type":"ListItem","position":1,"name":"Accueil","item":"https:\/\/backelite-store.com\/"},{"@type":"ListItem","position":2,"name":"Politique de confidentialit\u00e9"}]},{"@type":"WebSite","@id":"https:\/\/backelite-store.com\/#website","url":"https:\/\/backelite-store.com\/","name":"backelite-store.com","description":"BackElite Boutique Pedals","publisher":{"@id":"https:\/\/backelite-store.com\/#organization"},"potentialAction":[{"@type":"SearchAction","target":{"@type":"EntryPoint","urlTemplate":"https:\/\/backelite-store.com\/?s={search_term_string}"},"query-input":{"@type":"PropertyValueSpecification","valueRequired":true,"valueName":"search_term_string"}}],"inLanguage":"en-US"},{"@type":"Organization","@id":"https:\/\/backelite-store.com\/#organization","name":"backelite-store.com","url":"https:\/\/backelite-store.com\/","logo":{"@type":"ImageObject","inLanguage":"en-US","@id":"https:\/\/backelite-store.com\/#\/schema\/logo\/image\/","url":"https:\/\/backelite-store.com\/wp-content\/uploads\/2022\/05\/cropped-logo-1-e1698968722965.jpeg","contentUrl":"https:\/\/backelite-store.com\/wp-content\/uploads\/2022\/05\/cropped-logo-1-e1698968722965.jpeg","width":1920,"height":451,"caption":"backelite-store.com"},"image":{"@id":"https:\/\/backelite-store.com\/#\/schema\/logo\/image\/"},"sameAs":["https:\/\/www.facebook.com\/profile.php?id=100081791915055","https:\/\/instagram.com\/back.elite"]}]}},"jetpack_sharing_enabled":true,"_links":{"self":[{"href":"https:\/\/backelite-store.com\/en\/wp-json\/wp\/v2\/pages\/92","targetHints":{"allow":["GET"]}}],"collection":[{"href":"https:\/\/backelite-store.com\/en\/wp-json\/wp\/v2\/pages"}],"about":[{"href":"https:\/\/backelite-store.com\/en\/wp-json\/wp\/v2\/types\/page"}],"author":[{"embeddable":true,"href":"https:\/\/backelite-store.com\/en\/wp-json\/wp\/v2\/users\/1"}],"replies":[{"embeddable":true,"href":"https:\/\/backelite-store.com\/en\/wp-json\/wp\/v2\/comments?post=92"}],"version-history":[{"count":5,"href":"https:\/\/backelite-store.com\/en\/wp-json\/wp\/v2\/pages\/92\/revisions"}],"predecessor-version":[{"id":557,"href":"https:\/\/backelite-store.com\/en\/wp-json\/wp\/v2\/pages\/92\/revisions\/557"}],"wp:attachment":[{"href":"https:\/\/backelite-store.com\/en\/wp-json\/wp\/v2\/media?parent=92"}],"curies":[{"name":"wp","href":"https:\/\/api.w.org\/{rel}","templated":true}]}}